{"id":100707,"date":"2024-02-20T19:19:27","date_gmt":"2024-02-20T18:19:27","guid":{"rendered":"https:\/\/somgreens.com\/?page_id=100707"},"modified":"2024-02-21T12:53:14","modified_gmt":"2024-02-21T11:53:14","slug":"politica-cookies","status":"publish","type":"page","link":"https:\/\/somgreens.com\/en\/politica-cookies\/","title":{"rendered":"Pol\u00edtica de cookies"},"content":{"rendered":"<p>[et_pb_section fb_built=&#8221;1&#8243; _builder_version=&#8221;4.24.0&#8243; _module_preset=&#8221;default&#8221; use_background_color_gradient=&#8221;on&#8221; background_color_gradient_direction=&#8221;90deg&#8221; background_color_gradient_stops=&#8221;rgba(0,0,0,0.25) 0%|rgba(0,0,0,0.25) 100%&#8221; background_color_gradient_overlays_image=&#8221;on&#8221; background_color_gradient_start=&#8221;rgba(0,0,0,0.25)&#8221; background_color_gradient_end=&#8221;rgba(0,0,0,0.25)&#8221; background_image=&#8221;https:\/\/somgreens.com\/wp-content\/uploads\/2024\/02\/tasty-cookies-for-halloween-celebration-in-a-shop-2023-11-27-05-36-15-utc-scaled.jpg&#8221; background_enable_video_mp4=&#8221;off&#8221; box_shadow_style=&#8221;preset6&#8243; box_shadow_blur=&#8221;24px&#8221; box_shadow_color=&#8221;rgba(0,0,0,0.2)&#8221; global_colors_info=&#8221;{}&#8221;][et_pb_row _builder_version=&#8221;4.16&#8243; _module_preset=&#8221;default&#8221; max_width=&#8221;100%&#8221; custom_padding=&#8221;150px|0px|150px|0px|true|true&#8221; global_colors_info=&#8221;{}&#8221;][et_pb_column type=&#8221;4_4&#8243; _builder_version=&#8221;4.16&#8243; _module_preset=&#8221;default&#8221; global_colors_info=&#8221;{}&#8221;][et_pb_text _builder_version=&#8221;4.24.0&#8243; _module_preset=&#8221;default&#8221; header_text_align=&#8221;center&#8221; header_text_color=&#8221;#FFFFFF&#8221; header_font_size=&#8221;60px&#8221; header_text_align_tablet=&#8221;center&#8221; header_text_align_phone=&#8221;center&#8221; header_text_align_last_edited=&#8221;on|desktop&#8221; header_font_size_tablet=&#8221;&#8221; header_font_size_phone=&#8221;38px&#8221; header_font_size_last_edited=&#8221;on|phone&#8221; header_text_shadow_style=&#8221;preset2&#8243; header_text_shadow_horizontal_length=&#8221;0.02em&#8221; header_text_shadow_vertical_length=&#8221;0.02em&#8221; header_text_shadow_blur_strength=&#8221;0.05em&#8221; header_text_shadow_color=&#8221;rgba(0,0,0,0.2)&#8221; global_colors_info=&#8221;{}&#8221;]<\/p>\n<h1>\u00bfCookies?<\/h1>\n<p>[\/et_pb_text][et_pb_text _builder_version=&#8221;4.24.0&#8243; _module_preset=&#8221;default&#8221; global_colors_info=&#8221;{}&#8221;]<\/p>\n<h4 style=\"text-align: center;\"><span style=\"color: #ffffff;\">S\u00ed, tenemos una receta de cookies con microgreens\ud83d\ude0bmirala abajo \ud83d\udc47<\/span><\/h4>\n<p>[\/et_pb_text][\/et_pb_column][\/et_pb_row][\/et_pb_section][et_pb_section fb_built=&#8221;1&#8243; _builder_version=&#8221;4.16&#8243; _module_preset=&#8221;default&#8221; background_color=&#8221;#fcfdff&#8221; global_colors_info=&#8221;{}&#8221;][et_pb_row custom_padding_last_edited=&#8221;on|phone&#8221; _builder_version=&#8221;4.16&#8243; _module_preset=&#8221;default&#8221; custom_padding_tablet=&#8221;75px||||false|false&#8221; custom_padding_phone=&#8221;&#8221; global_colors_info=&#8221;{}&#8221;][et_pb_column type=&#8221;4_4&#8243; _builder_version=&#8221;4.16&#8243; _module_preset=&#8221;default&#8221; global_colors_info=&#8221;{}&#8221;][et_pb_text _builder_version=&#8221;4.24.0&#8243; _module_preset=&#8221;default&#8221; header_2_text_align=&#8221;center&#8221; custom_margin=&#8221;||25px||false|false&#8221; global_colors_info=&#8221;{}&#8221;]<\/p>\n<h2 data-sourcepos=\"1:1-1:36\" class=\"\">Pol\u00edtica de Cookies de Som Greens<\/h2>\n<p>[\/et_pb_text][et_pb_divider _builder_version=&#8221;4.16&#8243; _module_preset=&#8221;default&#8221; width=&#8221;100px&#8221; module_alignment=&#8221;center&#8221; custom_margin=&#8221;||0px||false|false&#8221; global_colors_info=&#8221;{}&#8221;][\/et_pb_divider][\/et_pb_column][\/et_pb_row][et_pb_row _builder_version=&#8221;4.24.0&#8243; _module_preset=&#8221;default&#8221; global_colors_info=&#8221;{}&#8221;][et_pb_column type=&#8221;4_4&#8243; _builder_version=&#8221;4.24.0&#8243; _module_preset=&#8221;default&#8221; global_colors_info=&#8221;{}&#8221;][et_pb_text _builder_version=&#8221;4.24.0&#8243; _module_preset=&#8221;default&#8221; text_font_size=&#8221;20px&#8221; hover_enabled=&#8221;0&#8243; custom_css_free_form=&#8221;.arobase::before {||content: %22%92000040%22;||}&#8221; global_colors_info=&#8221;{}&#8221; sticky_enabled=&#8221;0&#8243;]En Som Greens nos comprometemos a proteger la privacidad de nuestros usuarios. Esta Pol\u00edtica de Cookies explica c\u00f3mo utilizamos cookies y tecnolog\u00edas similares en nuestra p\u00e1gina web, de conformidad con la normativa europea y espa\u00f1ola de protecci\u00f3n de datos.<\/p>\n<p><strong>\u00bfQu\u00e9 son las cookies?<\/strong><\/p>\n<p>Las cookies son peque\u00f1os archivos de texto que se almacenan en el navegador del usuario cuando visita un sitio web. Permiten al sitio web recordar la informaci\u00f3n y las preferencias del usuario durante un per\u00edodo determinado, evitando que tenga que volver a introducirlas cada vez que lo visita.<\/p>\n<p><strong>\u00bfQu\u00e9 tipos de cookies utilizamos?<\/strong><\/p>\n<p>Utilizamos varios tipos de cookies en nuestra p\u00e1gina web:<\/p>\n<p><strong>Cookies estrictamente necesarias:<\/strong><\/p>\n<ul>\n<li style=\"list-style-type: none;\">\n<ul>\n<li style=\"list-style-type: none;\">\n<ul>\n<li>Nombre: cookie_esencial<\/li>\n<li>Duraci\u00f3n: Sesi\u00f3n<\/li>\n<li>Finalidad: Permitir la navegaci\u00f3n y el uso de las funciones b\u00e1sicas de la p\u00e1gina web.<\/li>\n<\/ul>\n<\/li>\n<\/ul>\n<\/li>\n<\/ul>\n<p><strong>Cookies de rendimiento:<\/strong><\/p>\n<ul>\n<li style=\"list-style-type: none;\">\n<ul>\n<li style=\"list-style-type: none;\">\n<ul>\n<li>Nombre: _ga, _gid<\/li>\n<li>Duraci\u00f3n: 2 a\u00f1os<\/li>\n<li>Finalidad: Recopilar informaci\u00f3n sobre el uso de la p\u00e1gina web por parte de los usuarios, como las p\u00e1ginas que visitan con m\u00e1s frecuencia y cualquier error que puedan encontrar. Utilizamos esta informaci\u00f3n para mejorar el rendimiento de nuestra p\u00e1gina web y la experiencia del usuario.<\/li>\n<\/ul>\n<\/li>\n<\/ul>\n<\/li>\n<\/ul>\n<p><strong>Cookies de funcionalidad:<\/strong><\/p>\n<ul>\n<li style=\"list-style-type: none;\">\n<ul>\n<li style=\"list-style-type: none;\">\n<ul>\n<li>Nombre: idioma_preferido<\/li>\n<li>Duraci\u00f3n: 1 a\u00f1o<\/li>\n<li>Finalidad: Recordar las preferencias del usuario, como el idioma o la regi\u00f3n.<\/li>\n<\/ul>\n<\/li>\n<\/ul>\n<\/li>\n<\/ul>\n<p><strong>Cookies de marketing:<\/strong><\/p>\n<ul>\n<li style=\"list-style-type: none;\">\n<ul>\n<li style=\"list-style-type: none;\">\n<ul>\n<li>Nombre: _fbp, _gcl_au<\/li>\n<li>Duraci\u00f3n: Variable<\/li>\n<li>Finalidad: Rastrear la navegaci\u00f3n del usuario en nuestra p\u00e1gina web y otros sitios web para mostrarle anuncios relevantes.<\/li>\n<\/ul>\n<\/li>\n<\/ul>\n<\/li>\n<\/ul>\n<p><strong>\u00bfC\u00f3mo puedo gestionar mis preferencias de cookies?<\/strong><\/p>\n<p>La mayor\u00eda de los navegadores permiten a los usuarios gestionar sus preferencias de cookies. Puede optar por no aceptar ciertas cookies o eliminarlas despu\u00e9s de visitar un sitio web. Tenga en cuenta que bloquear o eliminar cookies puede afectar a la funcionalidad de nuestra p\u00e1gina web.<\/p>\n<p><strong>Acceso a sus datos personales<\/strong><\/p>\n<p>Tiene derecho a acceder a sus datos personales, rectificarlos, suprimirlos, limitar su tratamiento, oponerse al mismo y solicitar su portabilidad. Puede ejercer estos derechos enviando un correo electr\u00f3nico a hola<span class=\"arobase\"><\/span>somgreens.com.<\/p>\n<p><strong>M\u00e1s informaci\u00f3n sobre la protecci\u00f3n de datos<\/strong><\/p>\n<p>Puede encontrar m\u00e1s informaci\u00f3n sobre la protecci\u00f3n de datos en la p\u00e1gina web de la Agencia Espa\u00f1ola de Protecci\u00f3n de Datos: [https:\/\/www.aepd.es\/](https:\/\/www.aepd.es\/).<\/p>\n<p><strong>Cambios en la Pol\u00edtica de Cookies<\/strong><\/p>\n<p>Nos reservamos el derecho de modificar esta Pol\u00edtica de Cookies en cualquier momento. Le recomendamos que revise peri\u00f3dicamente esta p\u00e1gina para informarse de cualquier cambio.<\/p>\n<p><strong>Contact us<\/strong><\/p>\n<p>Si tiene alguna pregunta sobre esta Pol\u00edtica de Cookies, puede ponerse en contacto con nosotros a trav\u00e9s de hola<span class=\"arobase\"><\/span>somgreens.com.[\/et_pb_text][\/et_pb_column][\/et_pb_row][et_pb_row _builder_version=&#8221;4.24.0&#8243; _module_preset=&#8221;default&#8221; global_colors_info=&#8221;{}&#8221;][et_pb_column type=&#8221;4_4&#8243; _builder_version=&#8221;4.24.0&#8243; _module_preset=&#8221;default&#8221; global_colors_info=&#8221;{}&#8221;][et_pb_text _builder_version=&#8221;4.24.0&#8243; _module_preset=&#8221;default&#8221; text_font_size=&#8221;18px&#8221; background_color=&#8221;rgba(0,0,0,0.11)&#8221; custom_padding=&#8221;10px|10px|10px|20px|false|false&#8221; global_colors_info=&#8221;{}&#8221;]<\/p>\n<h3><strong><\/strong><\/h3>\n<h3><strong>Receta de Cookies con chocolate y microgreens<\/strong><\/h3>\n<p><strong><\/strong><\/p>\n<p><strong>Seguro que los cookies no son la merienda m\u00e1s saludable, pero con un pu\u00f1ado de microgreens conseguimos una mejora \ud83d\ude09<\/strong><\/p>\n<p><strong>Ingredientes:<\/strong><\/p>\n<ul>\n<li>60ml de leche o alternativa<\/li>\n<li>Tres huevos<\/li>\n<li>250g de az\u00facar morena<\/li>\n<li>Levadura seca activa<\/li>\n<li>60ml de taza de agua tibia<\/li>\n<li>Pur\u00e9 de manzana al gusto<\/li>\n<li>150g de microgreens con sabor a frutos secos (por ejemplo, microgreens de girasol, guisantes, &#8230;)<\/li>\n<li>Miel, al gusto. Puede ser una alternativa completa al az\u00facar morena, excepto para el az\u00facar utilizado para activar la levadura.<\/li>\n<li>125g de trozitos de chocolate<\/li>\n<li>125g de crema de cacahuete, opcional, igual nos estamos pasando \ud83d\ude2c<\/li>\n<li>125g de copitos de avena<\/li>\n<li>300g de harina de todo uso o otra alternativa<\/li>\n<\/ul>\n<p><strong>Instrucciones:<\/strong><\/p>\n<ol>\n<li>Mezclar en una taza el agua tibia, una cucharada de az\u00facar y la levadura seca activa. Dejar reposar esta mezcla durante cinco a diez minutos, a veces, activar la levadura puede durar hasta quince minutos.<\/li>\n<li>Batir los huevos en un bol.<\/li>\n<li>Agregar el az\u00facar restante (o miel) y batir bien.<\/li>\n<li>A\u00f1adir la avena, la harina de todo uso, la mezcla de levadura y el pur\u00e9 de manzana. Batir la mezcla a fondo.<\/li>\n<li>En un tabla, cortar los microgreens en trozos finos.<\/li>\n<li>Agregar los microgreens a la mezcla.<\/li>\n<li>A\u00f1adir los trozitos de chocolate a la mezcla.<\/li>\n<li>Mezclar bien.<\/li>\n<li>Precalentar el horno a 180\u00baC. No olvides de poner algo en la bandeja del horno, para que no se peguen los cookies (aceite, papel sulfurizado, &#8230;).<\/li>\n<li>Hornear durante doce minutos aproximadamente.<\/li>\n<li>\u00a1<strong>Servir y disfrutar<\/strong>! Si quedan sobras (apuesto a que no habr\u00e1), gu\u00e1rdalas en un lugar fresco y seco. Tambi\u00e9n puedes refrigerarlas.<\/li>\n<\/ol>\n<p>[\/et_pb_text][\/et_pb_column][\/et_pb_row][et_pb_row _builder_version=&#8221;4.16&#8243; _module_preset=&#8221;default&#8221; global_colors_info=&#8221;{}&#8221;][et_pb_column type=&#8221;4_4&#8243; _builder_version=&#8221;4.16&#8243; _module_preset=&#8221;default&#8221; global_colors_info=&#8221;{}&#8221;][et_pb_cta title=&#8221;\u00bfNo has encontrado respuesta a tus dudas ?&#8221; button_url=&#8221;https:\/\/somgreens.com\/tus-preguntas-microgreens\/&#8221; button_text=&#8221;\u00a1Env\u00edanos un mensaje!&#8221; _builder_version=&#8221;4.24.0&#8243; _module_preset=&#8221;default&#8221; header_text_color=&#8221;#000000&#8243; background_color=&#8221;rgba(197,240,164,0.46)&#8221; global_colors_info=&#8221;{}&#8221;][\/et_pb_cta][\/et_pb_column][\/et_pb_row][et_pb_row column_structure=&#8221;1_3,1_3,1_3&#8243; _builder_version=&#8221;4.16&#8243; _module_preset=&#8221;default&#8221; max_width=&#8221;1000px&#8221; module_alignment=&#8221;center&#8221; global_colors_info=&#8221;{}&#8221;][et_pb_column type=&#8221;1_3&#8243; _builder_version=&#8221;4.16&#8243; _module_preset=&#8221;default&#8221; global_colors_info=&#8221;{}&#8221;][et_pb_blurb title=&#8221;Direcci\u00f3n&#8221; use_icon=&#8221;on&#8221; font_icon=&#8221;&#xe081;||divi||400&#8243; icon_color=&#8221;gcid-92742219-d369-4328-aba9-a62126767e78&#8243; icon_placement=&#8221;left&#8221; _builder_version=&#8221;4.24.0&#8243; _module_preset=&#8221;default&#8221; animation=&#8221;off&#8221; global_colors_info=&#8221;{%22gcid-92742219-d369-4328-aba9-a62126767e78%22:%91%22icon_color%22%93}&#8221;]<\/p>\n<p>Carrer Tinent Segui. 11<br \/>03580 L&#8217;Alfas del Pi<\/p>\n<p>Alicante<\/p>\n<p>[\/et_pb_blurb][\/et_pb_column][et_pb_column type=&#8221;1_3&#8243; _builder_version=&#8221;4.16&#8243; _module_preset=&#8221;default&#8221; global_colors_info=&#8221;{}&#8221;][et_pb_blurb title=&#8221;Llamanos o Whatsapp&#8221; use_icon=&#8221;on&#8221; font_icon=&#8221;&#xe090;||divi||400&#8243; icon_color=&#8221;gcid-92742219-d369-4328-aba9-a62126767e78&#8243; icon_placement=&#8221;left&#8221; _builder_version=&#8221;4.24.0&#8243; _module_preset=&#8221;default&#8221; animation=&#8221;off&#8221; global_colors_info=&#8221;{%22gcid-92742219-d369-4328-aba9-a62126767e78%22:%91%22icon_color%22%93}&#8221;]<\/p>\n<p>644088944<\/p>\n<p>[\/et_pb_blurb][\/et_pb_column][et_pb_column type=&#8221;1_3&#8243; _builder_version=&#8221;4.16&#8243; _module_preset=&#8221;default&#8221; global_colors_info=&#8221;{}&#8221;][et_pb_blurb title=&#8221;Email&#8221; use_icon=&#8221;on&#8221; font_icon=&#8221;&#xe076;||divi||400&#8243; icon_color=&#8221;gcid-92742219-d369-4328-aba9-a62126767e78&#8243; icon_placement=&#8221;left&#8221; image_icon_width=&#8221;26px&#8221; _builder_version=&#8221;4.24.0&#8243; _module_preset=&#8221;default&#8221; animation=&#8221;off&#8221; custom_css_free_form=&#8221;.arobase::before {||content: %22%92000040%22;||}&#8221; icon_font_size=&#8221;26px&#8221; global_colors_info=&#8221;{%22gcid-92742219-d369-4328-aba9-a62126767e78%22:%91%22icon_color%22%93}&#8221;]hola<span class=\"arobase\"><\/span>somgreens.com[\/et_pb_blurb][\/et_pb_column][\/et_pb_row][\/et_pb_section]<\/p>","protected":false},"excerpt":{"rendered":"<p>\u00bfCookies?S\u00ed, tenemos una receta de cookies con microgreens\ud83d\ude0bmirala abajo \ud83d\udc47Pol\u00edtica de Cookies de Som GreensEn Som Greens nos comprometemos a proteger la privacidad de nuestros usuarios. Esta Pol\u00edtica de Cookies explica c\u00f3mo utilizamos cookies y tecnolog\u00edas similares en nuestra p\u00e1gina web, de conformidad con la normativa europea y espa\u00f1ola de protecci\u00f3n de datos. \u00bfQu\u00e9 son [&hellip;]<\/p>","protected":false},"author":1,"featured_media":0,"parent":0,"menu_order":0,"comment_status":"closed","ping_status":"closed","template":"","meta":{"_et_pb_use_builder":"on","_et_pb_old_content":"","_et_gb_content_width":"","footnotes":""},"class_list":["post-100707","page","type-page","status-publish","hentry"],"yoast_head":"<!-- This site is optimized with the Yoast SEO Premium plugin v23.9 (Yoast SEO v23.9) - https:\/\/yoast.com\/wordpress\/plugins\/seo\/ -->\n<title>Pol\u00edtica de cookies | Microbrotes | Som Greens<\/title>\n<meta name=\"description\" content=\"Pol\u00edtica de Cookies Som Greens: informaci\u00f3n sobre el uso de cookies en nuestra web. Microbrotes, pero con privacidad.\" \/>\n<meta name=\"robots\" content=\"index, follow, max-snippet:-1, max-image-preview:large, max-video-preview:-1\" \/>\n<link rel=\"canonical\" href=\"https:\/\/somgreens.com\/en\/politica-cookies\/\" \/>\n<meta property=\"og:locale\" content=\"en_GB\" \/>\n<meta property=\"og:type\" content=\"article\" \/>\n<meta property=\"og:title\" content=\"Pol\u00edtica de cookies\" \/>\n<meta property=\"og:description\" content=\"Pol\u00edtica de Cookies Som Greens: informaci\u00f3n sobre el uso de cookies en nuestra web. Microbrotes, pero con privacidad.\" \/>\n<meta property=\"og:url\" content=\"https:\/\/somgreens.com\/en\/politica-cookies\/\" \/>\n<meta property=\"og:site_name\" content=\"Microbrotes vivos -24h | Som Greens\" \/>\n<meta property=\"article:publisher\" content=\"https:\/\/www.facebook.com\/somgreens.microgreens\/\" \/>\n<meta property=\"article:modified_time\" content=\"2024-02-21T11:53:14+00:00\" \/>\n<meta property=\"og:image\" content=\"https:\/\/somgreens.com\/wp-content\/uploads\/2024\/12\/Gardening_frames-6-1.jpg\" \/>\n\t<meta property=\"og:image:width\" content=\"1000\" \/>\n\t<meta property=\"og:image:height\" content=\"1000\" \/>\n\t<meta property=\"og:image:type\" content=\"image\/jpeg\" \/>\n<meta name=\"twitter:card\" content=\"summary_large_image\" \/>\n<meta name=\"twitter:label1\" content=\"Estimated reading time\" \/>\n\t<meta name=\"twitter:data1\" content=\"7 minutes\" \/>\n<script type=\"application\/ld+json\" class=\"yoast-schema-graph\">{\"@context\":\"https:\/\/schema.org\",\"@graph\":[{\"@type\":\"WebPage\",\"@id\":\"https:\/\/somgreens.com\/politica-cookies\/\",\"url\":\"https:\/\/somgreens.com\/politica-cookies\/\",\"name\":\"Pol\u00edtica de cookies | Microbrotes | Som Greens\",\"isPartOf\":{\"@id\":\"https:\/\/somgreens.com\/#website\"},\"datePublished\":\"2024-02-20T18:19:27+00:00\",\"dateModified\":\"2024-02-21T11:53:14+00:00\",\"description\":\"Pol\u00edtica de Cookies Som Greens: informaci\u00f3n sobre el uso de cookies en nuestra web. Microbrotes, pero con privacidad.\",\"breadcrumb\":{\"@id\":\"https:\/\/somgreens.com\/politica-cookies\/#breadcrumb\"},\"inLanguage\":\"en-GB\",\"potentialAction\":[{\"@type\":\"ReadAction\",\"target\":[\"https:\/\/somgreens.com\/politica-cookies\/\"]}]},{\"@type\":\"BreadcrumbList\",\"@id\":\"https:\/\/somgreens.com\/politica-cookies\/#breadcrumb\",\"itemListElement\":[{\"@type\":\"ListItem\",\"position\":1,\"name\":\"Home\",\"item\":\"https:\/\/somgreens.com\/\"},{\"@type\":\"ListItem\",\"position\":2,\"name\":\"Pol\u00edtica de cookies\"}]},{\"@type\":\"WebSite\",\"@id\":\"https:\/\/somgreens.com\/#website\",\"url\":\"https:\/\/somgreens.com\/\",\"name\":\"Microbrotes vivos -24h | Som Greens\",\"description\":\"Microbrotes y brotes vivos frescos entregados en 24h en toda Espa\u00f1a. M\u00e1xima calidad y nutrici\u00f3n para particulares y restaurantes. Env\u00edo gratis, ver condiciones.\",\"publisher\":{\"@id\":\"https:\/\/somgreens.com\/#organization\"},\"alternateName\":\"Microbrotes | Som Greens\",\"potentialAction\":[{\"@type\":\"SearchAction\",\"target\":{\"@type\":\"EntryPoint\",\"urlTemplate\":\"https:\/\/somgreens.com\/?s={search_term_string}\"},\"query-input\":{\"@type\":\"PropertyValueSpecification\",\"valueRequired\":true,\"valueName\":\"search_term_string\"}}],\"inLanguage\":\"en-GB\"},{\"@type\":\"Organization\",\"@id\":\"https:\/\/somgreens.com\/#organization\",\"name\":\"Som Greens\",\"url\":\"https:\/\/somgreens.com\/\",\"logo\":{\"@type\":\"ImageObject\",\"inLanguage\":\"en-GB\",\"@id\":\"https:\/\/somgreens.com\/#\/schema\/logo\/image\/\",\"url\":\"https:\/\/somgreens.com\/wp-content\/uploads\/2023\/12\/Color-logo-no-background-3.png\",\"contentUrl\":\"https:\/\/somgreens.com\/wp-content\/uploads\/2023\/12\/Color-logo-no-background-3.png\",\"width\":1920,\"height\":1920,\"caption\":\"Som Greens\"},\"image\":{\"@id\":\"https:\/\/somgreens.com\/#\/schema\/logo\/image\/\"},\"sameAs\":[\"https:\/\/www.facebook.com\/somgreens.microgreens\/\",\"https:\/\/www.instagram.com\/som.greens\/\"],\"description\":\"En Som Greens cultivamos microbrotes para restaurantes y particulares.\",\"email\":\"hola@somgreens.com\",\"telephone\":\"+34 644088944\",\"legalName\":\"Som Greens\",\"vatID\":\"ESZ0065809B\",\"taxID\":\"Z0065809B\",\"numberOfEmployees\":{\"@type\":\"QuantitativeValue\",\"minValue\":\"1\",\"maxValue\":\"10\"}}]}<\/script>\n<!-- \/ Yoast SEO Premium plugin. -->","yoast_head_json":{"title":"Pol\u00edtica de cookies | Microbrotes | Som Greens","description":"Pol\u00edtica de Cookies Som Greens: informaci\u00f3n sobre el uso de cookies en nuestra web. Microbrotes, pero con privacidad.","robots":{"index":"index","follow":"follow","max-snippet":"max-snippet:-1","max-image-preview":"max-image-preview:large","max-video-preview":"max-video-preview:-1"},"canonical":"https:\/\/somgreens.com\/en\/politica-cookies\/","og_locale":"en_GB","og_type":"article","og_title":"Pol\u00edtica de cookies","og_description":"Pol\u00edtica de Cookies Som Greens: informaci\u00f3n sobre el uso de cookies en nuestra web. Microbrotes, pero con privacidad.","og_url":"https:\/\/somgreens.com\/en\/politica-cookies\/","og_site_name":"Microbrotes vivos -24h | Som Greens","article_publisher":"https:\/\/www.facebook.com\/somgreens.microgreens\/","article_modified_time":"2024-02-21T11:53:14+00:00","og_image":[{"width":1000,"height":1000,"url":"https:\/\/somgreens.com\/wp-content\/uploads\/2024\/12\/Gardening_frames-6-1.jpg","type":"image\/jpeg"}],"twitter_card":"summary_large_image","twitter_misc":{"Estimated reading time":"7 minutes"},"schema":{"@context":"https:\/\/schema.org","@graph":[{"@type":"WebPage","@id":"https:\/\/somgreens.com\/politica-cookies\/","url":"https:\/\/somgreens.com\/politica-cookies\/","name":"Pol\u00edtica de cookies | Microbrotes | Som Greens","isPartOf":{"@id":"https:\/\/somgreens.com\/#website"},"datePublished":"2024-02-20T18:19:27+00:00","dateModified":"2024-02-21T11:53:14+00:00","description":"Pol\u00edtica de Cookies Som Greens: informaci\u00f3n sobre el uso de cookies en nuestra web. Microbrotes, pero con privacidad.","breadcrumb":{"@id":"https:\/\/somgreens.com\/politica-cookies\/#breadcrumb"},"inLanguage":"en-GB","potentialAction":[{"@type":"ReadAction","target":["https:\/\/somgreens.com\/politica-cookies\/"]}]},{"@type":"BreadcrumbList","@id":"https:\/\/somgreens.com\/politica-cookies\/#breadcrumb","itemListElement":[{"@type":"ListItem","position":1,"name":"Home","item":"https:\/\/somgreens.com\/"},{"@type":"ListItem","position":2,"name":"Pol\u00edtica de cookies"}]},{"@type":"WebSite","@id":"https:\/\/somgreens.com\/#website","url":"https:\/\/somgreens.com\/","name":"Microbrotes vivos -24h | Som Greens","description":"Microbrotes y brotes vivos frescos entregados en 24h en toda Espa\u00f1a. M\u00e1xima calidad y nutrici\u00f3n para particulares y restaurantes. Env\u00edo gratis, ver condiciones.","publisher":{"@id":"https:\/\/somgreens.com\/#organization"},"alternateName":"Microbrotes | Som Greens","potentialAction":[{"@type":"SearchAction","target":{"@type":"EntryPoint","urlTemplate":"https:\/\/somgreens.com\/?s={search_term_string}"},"query-input":{"@type":"PropertyValueSpecification","valueRequired":true,"valueName":"search_term_string"}}],"inLanguage":"en-GB"},{"@type":"Organization","@id":"https:\/\/somgreens.com\/#organization","name":"Som Greens","url":"https:\/\/somgreens.com\/","logo":{"@type":"ImageObject","inLanguage":"en-GB","@id":"https:\/\/somgreens.com\/#\/schema\/logo\/image\/","url":"https:\/\/somgreens.com\/wp-content\/uploads\/2023\/12\/Color-logo-no-background-3.png","contentUrl":"https:\/\/somgreens.com\/wp-content\/uploads\/2023\/12\/Color-logo-no-background-3.png","width":1920,"height":1920,"caption":"Som Greens"},"image":{"@id":"https:\/\/somgreens.com\/#\/schema\/logo\/image\/"},"sameAs":["https:\/\/www.facebook.com\/somgreens.microgreens\/","https:\/\/www.instagram.com\/som.greens\/"],"description":"En Som Greens cultivamos microbrotes para restaurantes y particulares.","email":"hola@somgreens.com","telephone":"+34 644088944","legalName":"Som Greens","vatID":"ESZ0065809B","taxID":"Z0065809B","numberOfEmployees":{"@type":"QuantitativeValue","minValue":"1","maxValue":"10"}}]}},"_links":{"self":[{"href":"https:\/\/somgreens.com\/en\/wp-json\/wp\/v2\/pages\/100707","targetHints":{"allow":["GET"]}}],"collection":[{"href":"https:\/\/somgreens.com\/en\/wp-json\/wp\/v2\/pages"}],"about":[{"href":"https:\/\/somgreens.com\/en\/wp-json\/wp\/v2\/types\/page"}],"author":[{"embeddable":true,"href":"https:\/\/somgreens.com\/en\/wp-json\/wp\/v2\/users\/1"}],"replies":[{"embeddable":true,"href":"https:\/\/somgreens.com\/en\/wp-json\/wp\/v2\/comments?post=100707"}],"version-history":[{"count":0,"href":"https:\/\/somgreens.com\/en\/wp-json\/wp\/v2\/pages\/100707\/revisions"}],"wp:attachment":[{"href":"https:\/\/somgreens.com\/en\/wp-json\/wp\/v2\/media?parent=100707"}],"curies":[{"name":"wp","href":"https:\/\/api.w.org\/{rel}","templated":true}]}}