{"id":100721,"date":"2024-02-21T11:26:22","date_gmt":"2024-02-21T10:26:22","guid":{"rendered":"https:\/\/somgreens.com\/?page_id=100721"},"modified":"2024-02-21T12:03:42","modified_gmt":"2024-02-21T11:03:42","slug":"politica-privacidad","status":"publish","type":"page","link":"https:\/\/somgreens.com\/en\/politica-privacidad\/","title":{"rendered":"Pol\u00edtica de privacidad"},"content":{"rendered":"<p>[et_pb_section fb_built=&#8221;1&#8243; _builder_version=&#8221;4.24.0&#8243; _module_preset=&#8221;default&#8221; use_background_color_gradient=&#8221;on&#8221; background_color_gradient_direction=&#8221;90deg&#8221; background_color_gradient_stops=&#8221;rgba(0,0,0,0.25) 0%|rgba(0,0,0,0.25) 100%&#8221; background_color_gradient_overlays_image=&#8221;on&#8221; background_color_gradient_start=&#8221;rgba(0,0,0,0.25)&#8221; background_color_gradient_end=&#8221;rgba(0,0,0,0.25)&#8221; background_image=&#8221;https:\/\/somgreens.com\/wp-content\/uploads\/2024\/02\/fresh-beet-sprouts-in-a-wooden-spoon-on-the-table-2023-11-27-05-26-24-utc-scaled.jpg&#8221; background_enable_video_mp4=&#8221;off&#8221; box_shadow_style=&#8221;preset6&#8243; box_shadow_blur=&#8221;24px&#8221; box_shadow_color=&#8221;rgba(0,0,0,0.2)&#8221; global_colors_info=&#8221;{}&#8221;][et_pb_row _builder_version=&#8221;4.16&#8243; _module_preset=&#8221;default&#8221; max_width=&#8221;100%&#8221; custom_padding=&#8221;150px|0px|150px|0px|true|true&#8221; global_colors_info=&#8221;{}&#8221;][et_pb_column type=&#8221;4_4&#8243; _builder_version=&#8221;4.16&#8243; _module_preset=&#8221;default&#8221; global_colors_info=&#8221;{}&#8221;][et_pb_text _builder_version=&#8221;4.24.0&#8243; _module_preset=&#8221;default&#8221; header_text_align=&#8221;center&#8221; header_text_color=&#8221;#FFFFFF&#8221; header_font_size=&#8221;60px&#8221; header_text_align_tablet=&#8221;center&#8221; header_text_align_phone=&#8221;center&#8221; header_text_align_last_edited=&#8221;on|desktop&#8221; header_font_size_tablet=&#8221;&#8221; header_font_size_phone=&#8221;38px&#8221; header_font_size_last_edited=&#8221;on|phone&#8221; header_text_shadow_style=&#8221;preset2&#8243; header_text_shadow_horizontal_length=&#8221;0.02em&#8221; header_text_shadow_vertical_length=&#8221;0.02em&#8221; header_text_shadow_blur_strength=&#8221;0.05em&#8221; header_text_shadow_color=&#8221;rgba(0,0,0,0.2)&#8221; global_colors_info=&#8221;{}&#8221;]<\/p>\n<h1>Privacidad<\/h1>\n<p>[\/et_pb_text][\/et_pb_column][\/et_pb_row][\/et_pb_section][et_pb_section fb_built=&#8221;1&#8243; _builder_version=&#8221;4.16&#8243; _module_preset=&#8221;default&#8221; background_color=&#8221;#fcfdff&#8221; global_colors_info=&#8221;{}&#8221;][et_pb_row custom_padding_last_edited=&#8221;on|phone&#8221; _builder_version=&#8221;4.16&#8243; _module_preset=&#8221;default&#8221; custom_padding_tablet=&#8221;75px||||false|false&#8221; custom_padding_phone=&#8221;&#8221; global_colors_info=&#8221;{}&#8221;][et_pb_column type=&#8221;4_4&#8243; _builder_version=&#8221;4.16&#8243; _module_preset=&#8221;default&#8221; global_colors_info=&#8221;{}&#8221;][et_pb_text _builder_version=&#8221;4.24.0&#8243; _module_preset=&#8221;default&#8221; header_2_text_align=&#8221;center&#8221; custom_margin=&#8221;||25px||false|false&#8221; global_colors_info=&#8221;{}&#8221;]<\/p>\n<h2 data-sourcepos=\"1:1-1:36\" class=\"\">Pol\u00edtica de privacidad de Som Greens<\/h2>\n<p>[\/et_pb_text][et_pb_divider _builder_version=&#8221;4.16&#8243; _module_preset=&#8221;default&#8221; width=&#8221;100px&#8221; module_alignment=&#8221;center&#8221; custom_margin=&#8221;||0px||false|false&#8221; global_colors_info=&#8221;{}&#8221;][\/et_pb_divider][\/et_pb_column][\/et_pb_row][et_pb_row _builder_version=&#8221;4.24.0&#8243; _module_preset=&#8221;default&#8221; global_colors_info=&#8221;{}&#8221;][et_pb_column type=&#8221;4_4&#8243; _builder_version=&#8221;4.24.0&#8243; _module_preset=&#8221;default&#8221; global_colors_info=&#8221;{}&#8221;][et_pb_text _builder_version=&#8221;4.24.0&#8243; _module_preset=&#8221;default&#8221; text_font_size=&#8221;20px&#8221; custom_css_free_form=&#8221;.arobase::before {||content: %22%92000040%22;||}&#8221; global_colors_info=&#8221;{}&#8221;]<\/p>\n<div _ngcontent-ng-c917931455=\"\" class=\"markdown markdown-main-panel ui-v2-enabled\" dir=\"ltr\">\n<p data-sourcepos=\"3:1-3:253\"><span>En Som Greens nos comprometemos a proteger la privacidad de nuestros usuarios.<\/span><span> Esta Pol\u00edtica de Privacidad explica c\u00f3mo recopilamos,<\/span><span> utilizamos y protegemos sus datos personales,<\/span><span> de conformidad con la normativa europea y espa\u00f1ola de protecci\u00f3n de datos.<\/span><\/p>\n<p><span> <\/span><\/p>\n<p data-sourcepos=\"5:1-5:33\"><strong>\u00bfQu\u00e9 informaci\u00f3n recopilamos?<\/strong><\/p>\n<p><span> <\/span><\/p>\n<p data-sourcepos=\"7:1-7:5\"><span>Recopilamos informaci\u00f3n personal sobre usted cuando utiliza nuestra p\u00e1gina web,<\/span><span> como:<\/span><\/p>\n<ul data-sourcepos=\"9:1-9:91\">\n<ul data-sourcepos=\"9:1-9:91\">\n<li data-sourcepos=\"9:1-9:91\"><strong>Informaci\u00f3n de contacto:<\/strong><span> Nombre,<\/span><span> direcci\u00f3n de correo electr\u00f3nico,<\/span><span> n\u00famero de tel\u00e9fono.<\/span><\/li>\n<li data-sourcepos=\"9:1-9:91\"><strong style=\"font-size: 20px;\">Informaci\u00f3n de la cuenta:<\/strong><span style=\"font-size: 20px;\"> Nombre de usuario,<\/span><span style=\"font-size: 20px;\"> contrase\u00f1a,<\/span><span style=\"font-size: 20px;\"> preferencias de usuario.<\/span><\/li>\n<li data-sourcepos=\"9:1-9:91\"><strong style=\"font-size: 20px;\">Informaci\u00f3n de pago, para las suscripciones:<\/strong><span style=\"font-size: 20px;\"> N\u00famero de tarjeta de cr\u00e9dito,<\/span><span style=\"font-size: 20px;\"> fecha de vencimiento,<\/span><span style=\"font-size: 20px;\"> c\u00f3digo CVV.<\/span><\/li>\n<li data-sourcepos=\"9:1-9:91\"><strong style=\"font-size: 20px;\">Informaci\u00f3n de uso de la p\u00e1gina web:<\/strong><span style=\"font-size: 20px;\"> P\u00e1ginas que visita,<\/span><span style=\"font-size: 20px;\"> productos que ve,<\/span><span style=\"font-size: 20px;\"> anuncios en los que hace clic.<\/span><\/li>\n<\/ul>\n<\/ul>\n<p><span> <\/span><span> <\/span><\/p>\n<p data-sourcepos=\"14:1-14:36\"><strong>\u00bfC\u00f3mo utilizamos su informaci\u00f3n?<\/strong><\/p>\n<p><span> <\/span><\/p>\n<p data-sourcepos=\"16:1-16:40\"><span>Utilizamos su informaci\u00f3n personal para:<\/span><\/p>\n<p><span> <\/span><span> <\/span><\/p>\n<ul data-sourcepos=\"18:1-20:97\">\n<ul data-sourcepos=\"18:1-20:97\">\n<li data-sourcepos=\"18:1-18:156\"><strong>Proporcionarle los servicios que solicita:<\/strong><span> Procesar sus pedidos,<\/span><span> enviarle informaci\u00f3n sobre nuestros productos y servicios,<\/span><span> responder a sus preguntas.<\/span><\/li>\n<li data-sourcepos=\"18:1-18:156\"><strong style=\"font-size: 20px;\">Mejorar la experiencia del usuario:<\/strong><span style=\"font-size: 20px;\"> Personalizar su experiencia en nuestra p\u00e1gina web,<\/span><span style=\"font-size: 20px;\"> mostrarle anuncios relevantes.<\/span><\/li>\n<li data-sourcepos=\"18:1-18:156\"><strong style=\"font-size: 20px;\">Proteger nuestra seguridad y la de nuestros usuarios:<\/strong><span style=\"font-size: 20px;\"> Detectar y prevenir fraudes,<\/span><span style=\"font-size: 20px;\"> abusos y otras actividades ilegales.<\/span><\/li>\n<\/ul>\n<\/ul>\n<p><span> <\/span><span> <\/span><\/p>\n<p data-sourcepos=\"22:1-22:42\"><strong>\u00bfCon qui\u00e9n compartimos su informaci\u00f3n?<\/strong><\/p>\n<p><span> <\/span><\/p>\n<p data-sourcepos=\"24:1-24:40\"><span>Compartimos su informaci\u00f3n personal con:<\/span><\/p>\n<p><span> <\/span><span> <\/span><\/p>\n<ul data-sourcepos=\"26:1-28:0\">\n<ul data-sourcepos=\"26:1-28:0\">\n<li data-sourcepos=\"26:1-26:171\"><strong>Proveedores de servicios:<\/strong><span> Empresas que nos ayudan a proporcionar nuestros servicios,<\/span><span> como empresas de procesamiento de pagos y proveedores de servicios de marketing.<\/span><\/li>\n<li data-sourcepos=\"26:1-26:171\"><strong style=\"font-size: 20px;\">Autoridades legales:<\/strong><span style=\"font-size: 20px;\"> Cuando sea necesario para cumplir con la ley o para proteger nuestros derechos.<\/span><\/li>\n<\/ul>\n<\/ul>\n<p><span> <\/span><span> <\/span><\/p>\n<p data-sourcepos=\"29:1-29:36\"><strong>\u00bfC\u00f3mo protegemos su informaci\u00f3n?<\/strong><\/p>\n<p><span> <\/span><\/p>\n<p data-sourcepos=\"31:1-31:193\"><span>Tomamos medidas de seguridad t\u00e9cnicas y organizativas para proteger su informaci\u00f3n personal contra la p\u00e9rdida,<\/span><span> el robo,<\/span><span> el acceso no autorizado,<\/span><span> la divulgaci\u00f3n,<\/span><span> el uso indebido o la alteraci\u00f3n.<\/span><\/p>\n<p><span> <\/span><\/p>\n<p data-sourcepos=\"33:1-33:29\"><strong>\u00bfCu\u00e1les son sus derechos?<\/strong><\/p>\n<p><span> <\/span><\/p>\n<p data-sourcepos=\"35:1-35:16\"><span>Tiene derecho a:<\/span><\/p>\n<p><span> <\/span><span> <\/span><\/p>\n<ul data-sourcepos=\"37:1-43:0\">\n<ul data-sourcepos=\"37:1-43:0\">\n<li data-sourcepos=\"37:1-37:32\"><span>Acceder a sus datos personales<\/span><\/li>\n<li data-sourcepos=\"37:1-37:32\">Rectificar sus datos personales<\/li>\n<li data-sourcepos=\"37:1-37:32\">Suprimir sus datos personales<\/li>\n<li data-sourcepos=\"37:1-37:32\">Limitar el tratamiento de sus datos personales<\/li>\n<li data-sourcepos=\"37:1-37:32\">Oponerse al tratamiento de sus datos personales<\/li>\n<li data-sourcepos=\"37:1-37:32\">Solicitar la portabilidad de sus datos personales<\/li>\n<\/ul>\n<\/ul>\n<p><span> <\/span><span> <\/span><\/p>\n<p data-sourcepos=\"44:1-44:81\"><span>Puede ejercer estos derechos enviando un correo electr\u00f3nico a hola<span class=\"arobase\"><\/span>somgreens.<\/span><span>com.<\/span><\/p>\n<p><span> <\/span><\/p>\n<p data-sourcepos=\"46:1-46:29\"><strong>\u00bfC\u00f3mo puede contactarnos?<\/strong><\/p>\n<p><span> <\/span><\/p>\n<p data-sourcepos=\"48:1-48:130\"><span>Si tiene alguna pregunta sobre esta Pol\u00edtica de Privacidad,<\/span><span> puede ponerse en contacto con nosotros a trav\u00e9s de hola<span class=\"arobase\"><\/span>somgreens.<\/span><span>com.<\/span><\/p>\n<p>&nbsp;<\/p>\n<p data-sourcepos=\"58:1-58:26\"><strong>Informaci\u00f3n adicional:<\/strong><\/p>\n<p><span> <\/span><span> <\/span><\/p>\n<ul data-sourcepos=\"60:1-61:84\">\n<ul data-sourcepos=\"60:1-61:84\">\n<li data-sourcepos=\"60:1-60:176\"><span>Tambi\u00e9n puede encontrar informaci\u00f3n sobre la protecci\u00f3n de datos en la p\u00e1gina web de la Agencia Espa\u00f1ola de Protecci\u00f3n de Datos:<\/span><span> <\/span><a class=\"traceable-link\" target=\"_blank\" rel=\"noopener noreferrer\" href=\"https:\/\/www.aepd.es\/\">https:\/\/www.aepd.es\/<\/a><span>.<\/span><\/li>\n<li data-sourcepos=\"60:1-60:176\">Si tiene alguna pregunta o inquietud sobre la privacidad,<span style=\"font-size: 20px;\"> no dude en contactarnos.<\/span><\/li>\n<\/ul>\n<\/ul>\n<p><span> <\/span><span> <\/span><\/p>\n<\/div>\n<p>[\/et_pb_text][\/et_pb_column][\/et_pb_row][et_pb_row _builder_version=&#8221;4.16&#8243; _module_preset=&#8221;default&#8221; global_colors_info=&#8221;{}&#8221;][et_pb_column type=&#8221;4_4&#8243; _builder_version=&#8221;4.16&#8243; _module_preset=&#8221;default&#8221; global_colors_info=&#8221;{}&#8221;][et_pb_cta title=&#8221;\u00bfNo has encontrado respuesta a tus dudas ?&#8221; button_url=&#8221;https:\/\/somgreens.com\/tus-preguntas-microgreens\/&#8221; button_text=&#8221;\u00a1Env\u00edanos un mensaje!&#8221; _builder_version=&#8221;4.24.0&#8243; _module_preset=&#8221;default&#8221; header_text_color=&#8221;#000000&#8243; background_color=&#8221;rgba(197,240,164,0.46)&#8221; global_colors_info=&#8221;{}&#8221;][\/et_pb_cta][\/et_pb_column][\/et_pb_row][et_pb_row column_structure=&#8221;1_3,1_3,1_3&#8243; _builder_version=&#8221;4.16&#8243; _module_preset=&#8221;default&#8221; max_width=&#8221;1000px&#8221; module_alignment=&#8221;center&#8221; global_colors_info=&#8221;{}&#8221;][et_pb_column type=&#8221;1_3&#8243; _builder_version=&#8221;4.16&#8243; _module_preset=&#8221;default&#8221; global_colors_info=&#8221;{}&#8221;][et_pb_blurb title=&#8221;Direcci\u00f3n&#8221; use_icon=&#8221;on&#8221; font_icon=&#8221;&#xe081;||divi||400&#8243; icon_color=&#8221;gcid-92742219-d369-4328-aba9-a62126767e78&#8243; icon_placement=&#8221;left&#8221; _builder_version=&#8221;4.24.0&#8243; _module_preset=&#8221;default&#8221; animation=&#8221;off&#8221; global_colors_info=&#8221;{%22gcid-92742219-d369-4328-aba9-a62126767e78%22:%91%22icon_color%22%93}&#8221;]<\/p>\n<p>Carrer Tinent Segui. 11<br \/>03580 L&#8217;Alfas del Pi<\/p>\n<p>Alicante<\/p>\n<p>[\/et_pb_blurb][\/et_pb_column][et_pb_column type=&#8221;1_3&#8243; _builder_version=&#8221;4.16&#8243; _module_preset=&#8221;default&#8221; global_colors_info=&#8221;{}&#8221;][et_pb_blurb title=&#8221;Llamanos o Whatsapp&#8221; use_icon=&#8221;on&#8221; font_icon=&#8221;&#xe090;||divi||400&#8243; icon_color=&#8221;gcid-92742219-d369-4328-aba9-a62126767e78&#8243; icon_placement=&#8221;left&#8221; _builder_version=&#8221;4.24.0&#8243; _module_preset=&#8221;default&#8221; animation=&#8221;off&#8221; global_colors_info=&#8221;{%22gcid-92742219-d369-4328-aba9-a62126767e78%22:%91%22icon_color%22%93}&#8221;]<\/p>\n<p>644088944<\/p>\n<p>[\/et_pb_blurb][\/et_pb_column][et_pb_column type=&#8221;1_3&#8243; _builder_version=&#8221;4.16&#8243; _module_preset=&#8221;default&#8221; global_colors_info=&#8221;{}&#8221;][et_pb_blurb title=&#8221;Email&#8221; use_icon=&#8221;on&#8221; font_icon=&#8221;&#xe076;||divi||400&#8243; icon_color=&#8221;gcid-92742219-d369-4328-aba9-a62126767e78&#8243; icon_placement=&#8221;left&#8221; image_icon_width=&#8221;26px&#8221; _builder_version=&#8221;4.24.0&#8243; _module_preset=&#8221;default&#8221; animation=&#8221;off&#8221; custom_css_free_form=&#8221;.arobase::before {||content: %22%92000040%22;||}&#8221; icon_font_size=&#8221;26px&#8221; global_colors_info=&#8221;{%22gcid-92742219-d369-4328-aba9-a62126767e78%22:%91%22icon_color%22%93}&#8221;]hola<span class=\"arobase\"><\/span>somgreens.com[\/et_pb_blurb][\/et_pb_column][\/et_pb_row][\/et_pb_section]<\/p>","protected":false},"excerpt":{"rendered":"<p>PrivacidadPol\u00edtica de privacidad de Som Greens En Som Greens nos comprometemos a proteger la privacidad de nuestros usuarios. Esta Pol\u00edtica de Privacidad explica c\u00f3mo recopilamos, utilizamos y protegemos sus datos personales, de conformidad con la normativa europea y espa\u00f1ola de protecci\u00f3n de datos. \u00bfQu\u00e9 informaci\u00f3n recopilamos? Recopilamos informaci\u00f3n personal sobre usted cuando utiliza nuestra p\u00e1gina [&hellip;]<\/p>","protected":false},"author":1,"featured_media":0,"parent":0,"menu_order":0,"comment_status":"closed","ping_status":"closed","template":"","meta":{"_et_pb_use_builder":"on","_et_pb_old_content":"","_et_gb_content_width":"","footnotes":""},"class_list":["post-100721","page","type-page","status-publish","hentry"],"yoast_head":"<!-- This site is optimized with the Yoast SEO Premium plugin v23.9 (Yoast SEO v23.9) - https:\/\/yoast.com\/wordpress\/plugins\/seo\/ -->\n<title>Pol\u00edtica de privacidad | Microbrotes | Som Greens<\/title>\n<meta name=\"description\" content=\"Pol\u00edtica de Privacidad Som Greens: informaci\u00f3n sobre el tratamiento de tus datos personales. Descubre c\u00f3mo protegemos tu privacidad.\" \/>\n<meta name=\"robots\" content=\"index, follow, max-snippet:-1, max-image-preview:large, max-video-preview:-1\" \/>\n<link rel=\"canonical\" href=\"https:\/\/somgreens.com\/en\/politica-privacidad\/\" \/>\n<meta property=\"og:locale\" content=\"en_GB\" \/>\n<meta property=\"og:type\" content=\"article\" \/>\n<meta property=\"og:title\" content=\"Pol\u00edtica de privacidad\" \/>\n<meta property=\"og:description\" content=\"Pol\u00edtica de Privacidad Som Greens: informaci\u00f3n sobre el tratamiento de tus datos personales. Descubre c\u00f3mo protegemos tu privacidad.\" \/>\n<meta property=\"og:url\" content=\"https:\/\/somgreens.com\/en\/politica-privacidad\/\" \/>\n<meta property=\"og:site_name\" content=\"Microbrotes vivos -24h | Som Greens\" \/>\n<meta property=\"article:publisher\" content=\"https:\/\/www.facebook.com\/somgreens.microgreens\/\" \/>\n<meta property=\"article:modified_time\" content=\"2024-02-21T11:03:42+00:00\" \/>\n<meta property=\"og:image\" content=\"https:\/\/somgreens.com\/wp-content\/uploads\/2024\/12\/Gardening_frames-6-1.jpg\" \/>\n\t<meta property=\"og:image:width\" content=\"1000\" \/>\n\t<meta property=\"og:image:height\" content=\"1000\" \/>\n\t<meta property=\"og:image:type\" content=\"image\/jpeg\" \/>\n<meta name=\"twitter:card\" content=\"summary_large_image\" \/>\n<meta name=\"twitter:label1\" content=\"Estimated reading time\" \/>\n\t<meta name=\"twitter:data1\" content=\"5 minutes\" \/>\n<script type=\"application\/ld+json\" class=\"yoast-schema-graph\">{\"@context\":\"https:\/\/schema.org\",\"@graph\":[{\"@type\":\"WebPage\",\"@id\":\"https:\/\/somgreens.com\/politica-privacidad\/\",\"url\":\"https:\/\/somgreens.com\/politica-privacidad\/\",\"name\":\"Pol\u00edtica de privacidad | Microbrotes | Som Greens\",\"isPartOf\":{\"@id\":\"https:\/\/somgreens.com\/#website\"},\"datePublished\":\"2024-02-21T10:26:22+00:00\",\"dateModified\":\"2024-02-21T11:03:42+00:00\",\"description\":\"Pol\u00edtica de Privacidad Som Greens: informaci\u00f3n sobre el tratamiento de tus datos personales. Descubre c\u00f3mo protegemos tu privacidad.\",\"breadcrumb\":{\"@id\":\"https:\/\/somgreens.com\/politica-privacidad\/#breadcrumb\"},\"inLanguage\":\"en-GB\",\"potentialAction\":[{\"@type\":\"ReadAction\",\"target\":[\"https:\/\/somgreens.com\/politica-privacidad\/\"]}]},{\"@type\":\"BreadcrumbList\",\"@id\":\"https:\/\/somgreens.com\/politica-privacidad\/#breadcrumb\",\"itemListElement\":[{\"@type\":\"ListItem\",\"position\":1,\"name\":\"Home\",\"item\":\"https:\/\/somgreens.com\/\"},{\"@type\":\"ListItem\",\"position\":2,\"name\":\"Pol\u00edtica de privacidad\"}]},{\"@type\":\"WebSite\",\"@id\":\"https:\/\/somgreens.com\/#website\",\"url\":\"https:\/\/somgreens.com\/\",\"name\":\"Microbrotes vivos -24h | Som Greens\",\"description\":\"Microbrotes y brotes vivos frescos entregados en 24h en toda Espa\u00f1a. M\u00e1xima calidad y nutrici\u00f3n para particulares y restaurantes. Env\u00edo gratis, ver condiciones.\",\"publisher\":{\"@id\":\"https:\/\/somgreens.com\/#organization\"},\"alternateName\":\"Microbrotes | Som Greens\",\"potentialAction\":[{\"@type\":\"SearchAction\",\"target\":{\"@type\":\"EntryPoint\",\"urlTemplate\":\"https:\/\/somgreens.com\/?s={search_term_string}\"},\"query-input\":{\"@type\":\"PropertyValueSpecification\",\"valueRequired\":true,\"valueName\":\"search_term_string\"}}],\"inLanguage\":\"en-GB\"},{\"@type\":\"Organization\",\"@id\":\"https:\/\/somgreens.com\/#organization\",\"name\":\"Som Greens\",\"url\":\"https:\/\/somgreens.com\/\",\"logo\":{\"@type\":\"ImageObject\",\"inLanguage\":\"en-GB\",\"@id\":\"https:\/\/somgreens.com\/#\/schema\/logo\/image\/\",\"url\":\"https:\/\/somgreens.com\/wp-content\/uploads\/2023\/12\/Color-logo-no-background-3.png\",\"contentUrl\":\"https:\/\/somgreens.com\/wp-content\/uploads\/2023\/12\/Color-logo-no-background-3.png\",\"width\":1920,\"height\":1920,\"caption\":\"Som Greens\"},\"image\":{\"@id\":\"https:\/\/somgreens.com\/#\/schema\/logo\/image\/\"},\"sameAs\":[\"https:\/\/www.facebook.com\/somgreens.microgreens\/\",\"https:\/\/www.instagram.com\/som.greens\/\"],\"description\":\"En Som Greens cultivamos microbrotes para restaurantes y particulares.\",\"email\":\"hola@somgreens.com\",\"telephone\":\"+34 644088944\",\"legalName\":\"Som Greens\",\"vatID\":\"ESZ0065809B\",\"taxID\":\"Z0065809B\",\"numberOfEmployees\":{\"@type\":\"QuantitativeValue\",\"minValue\":\"1\",\"maxValue\":\"10\"}}]}<\/script>\n<!-- \/ Yoast SEO Premium plugin. -->","yoast_head_json":{"title":"Pol\u00edtica de privacidad | Microbrotes | Som Greens","description":"Pol\u00edtica de Privacidad Som Greens: informaci\u00f3n sobre el tratamiento de tus datos personales. Descubre c\u00f3mo protegemos tu privacidad.","robots":{"index":"index","follow":"follow","max-snippet":"max-snippet:-1","max-image-preview":"max-image-preview:large","max-video-preview":"max-video-preview:-1"},"canonical":"https:\/\/somgreens.com\/en\/politica-privacidad\/","og_locale":"en_GB","og_type":"article","og_title":"Pol\u00edtica de privacidad","og_description":"Pol\u00edtica de Privacidad Som Greens: informaci\u00f3n sobre el tratamiento de tus datos personales. Descubre c\u00f3mo protegemos tu privacidad.","og_url":"https:\/\/somgreens.com\/en\/politica-privacidad\/","og_site_name":"Microbrotes vivos -24h | Som Greens","article_publisher":"https:\/\/www.facebook.com\/somgreens.microgreens\/","article_modified_time":"2024-02-21T11:03:42+00:00","og_image":[{"width":1000,"height":1000,"url":"https:\/\/somgreens.com\/wp-content\/uploads\/2024\/12\/Gardening_frames-6-1.jpg","type":"image\/jpeg"}],"twitter_card":"summary_large_image","twitter_misc":{"Estimated reading time":"5 minutes"},"schema":{"@context":"https:\/\/schema.org","@graph":[{"@type":"WebPage","@id":"https:\/\/somgreens.com\/politica-privacidad\/","url":"https:\/\/somgreens.com\/politica-privacidad\/","name":"Pol\u00edtica de privacidad | Microbrotes | Som Greens","isPartOf":{"@id":"https:\/\/somgreens.com\/#website"},"datePublished":"2024-02-21T10:26:22+00:00","dateModified":"2024-02-21T11:03:42+00:00","description":"Pol\u00edtica de Privacidad Som Greens: informaci\u00f3n sobre el tratamiento de tus datos personales. Descubre c\u00f3mo protegemos tu privacidad.","breadcrumb":{"@id":"https:\/\/somgreens.com\/politica-privacidad\/#breadcrumb"},"inLanguage":"en-GB","potentialAction":[{"@type":"ReadAction","target":["https:\/\/somgreens.com\/politica-privacidad\/"]}]},{"@type":"BreadcrumbList","@id":"https:\/\/somgreens.com\/politica-privacidad\/#breadcrumb","itemListElement":[{"@type":"ListItem","position":1,"name":"Home","item":"https:\/\/somgreens.com\/"},{"@type":"ListItem","position":2,"name":"Pol\u00edtica de privacidad"}]},{"@type":"WebSite","@id":"https:\/\/somgreens.com\/#website","url":"https:\/\/somgreens.com\/","name":"Microbrotes vivos -24h | Som Greens","description":"Microbrotes y brotes vivos frescos entregados en 24h en toda Espa\u00f1a. M\u00e1xima calidad y nutrici\u00f3n para particulares y restaurantes. Env\u00edo gratis, ver condiciones.","publisher":{"@id":"https:\/\/somgreens.com\/#organization"},"alternateName":"Microbrotes | Som Greens","potentialAction":[{"@type":"SearchAction","target":{"@type":"EntryPoint","urlTemplate":"https:\/\/somgreens.com\/?s={search_term_string}"},"query-input":{"@type":"PropertyValueSpecification","valueRequired":true,"valueName":"search_term_string"}}],"inLanguage":"en-GB"},{"@type":"Organization","@id":"https:\/\/somgreens.com\/#organization","name":"Som Greens","url":"https:\/\/somgreens.com\/","logo":{"@type":"ImageObject","inLanguage":"en-GB","@id":"https:\/\/somgreens.com\/#\/schema\/logo\/image\/","url":"https:\/\/somgreens.com\/wp-content\/uploads\/2023\/12\/Color-logo-no-background-3.png","contentUrl":"https:\/\/somgreens.com\/wp-content\/uploads\/2023\/12\/Color-logo-no-background-3.png","width":1920,"height":1920,"caption":"Som Greens"},"image":{"@id":"https:\/\/somgreens.com\/#\/schema\/logo\/image\/"},"sameAs":["https:\/\/www.facebook.com\/somgreens.microgreens\/","https:\/\/www.instagram.com\/som.greens\/"],"description":"En Som Greens cultivamos microbrotes para restaurantes y particulares.","email":"hola@somgreens.com","telephone":"+34 644088944","legalName":"Som Greens","vatID":"ESZ0065809B","taxID":"Z0065809B","numberOfEmployees":{"@type":"QuantitativeValue","minValue":"1","maxValue":"10"}}]}},"_links":{"self":[{"href":"https:\/\/somgreens.com\/en\/wp-json\/wp\/v2\/pages\/100721","targetHints":{"allow":["GET"]}}],"collection":[{"href":"https:\/\/somgreens.com\/en\/wp-json\/wp\/v2\/pages"}],"about":[{"href":"https:\/\/somgreens.com\/en\/wp-json\/wp\/v2\/types\/page"}],"author":[{"embeddable":true,"href":"https:\/\/somgreens.com\/en\/wp-json\/wp\/v2\/users\/1"}],"replies":[{"embeddable":true,"href":"https:\/\/somgreens.com\/en\/wp-json\/wp\/v2\/comments?post=100721"}],"version-history":[{"count":0,"href":"https:\/\/somgreens.com\/en\/wp-json\/wp\/v2\/pages\/100721\/revisions"}],"wp:attachment":[{"href":"https:\/\/somgreens.com\/en\/wp-json\/wp\/v2\/media?parent=100721"}],"curies":[{"name":"wp","href":"https:\/\/api.w.org\/{rel}","templated":true}]}}