{"id":100750,"date":"2024-02-21T12:47:31","date_gmt":"2024-02-21T11:47:31","guid":{"rendered":"https:\/\/somgreens.com\/?page_id=100750"},"modified":"2024-02-21T12:53:30","modified_gmt":"2024-02-21T11:53:30","slug":"condiciones-venta","status":"publish","type":"page","link":"https:\/\/somgreens.com\/en\/condiciones-venta\/","title":{"rendered":"Condiciones de venta"},"content":{"rendered":"<p>[et_pb_section fb_built=&#8221;1&#8243; _builder_version=&#8221;4.24.0&#8243; _module_preset=&#8221;default&#8221; use_background_color_gradient=&#8221;on&#8221; background_color_gradient_direction=&#8221;90deg&#8221; background_color_gradient_stops=&#8221;rgba(0,0,0,0.25) 0%|rgba(0,0,0,0.25) 100%&#8221; background_color_gradient_overlays_image=&#8221;on&#8221; background_color_gradient_start=&#8221;rgba(0,0,0,0.25)&#8221; background_color_gradient_end=&#8221;rgba(0,0,0,0.25)&#8221; background_image=&#8221;https:\/\/somgreens.com\/wp-content\/uploads\/2024\/02\/mixed-micro-greens-in-trays-for-growing-in-a-woode-2023-11-27-05-30-18-utc-scaled.jpg&#8221; background_enable_video_mp4=&#8221;off&#8221; box_shadow_style=&#8221;preset6&#8243; box_shadow_blur=&#8221;24px&#8221; box_shadow_color=&#8221;rgba(0,0,0,0.2)&#8221; global_colors_info=&#8221;{}&#8221;][et_pb_row _builder_version=&#8221;4.16&#8243; _module_preset=&#8221;default&#8221; max_width=&#8221;100%&#8221; custom_padding=&#8221;150px|0px|150px|0px|true|true&#8221; global_colors_info=&#8221;{}&#8221;][et_pb_column type=&#8221;4_4&#8243; _builder_version=&#8221;4.16&#8243; _module_preset=&#8221;default&#8221; global_colors_info=&#8221;{}&#8221;][et_pb_text _builder_version=&#8221;4.24.0&#8243; _module_preset=&#8221;default&#8221; header_text_align=&#8221;center&#8221; header_text_color=&#8221;#FFFFFF&#8221; header_font_size=&#8221;60px&#8221; header_text_align_tablet=&#8221;center&#8221; header_text_align_phone=&#8221;center&#8221; header_text_align_last_edited=&#8221;on|desktop&#8221; header_font_size_tablet=&#8221;&#8221; header_font_size_phone=&#8221;38px&#8221; header_font_size_last_edited=&#8221;on|phone&#8221; header_text_shadow_style=&#8221;preset2&#8243; header_text_shadow_horizontal_length=&#8221;0.02em&#8221; header_text_shadow_vertical_length=&#8221;0.02em&#8221; header_text_shadow_blur_strength=&#8221;0.05em&#8221; header_text_shadow_color=&#8221;rgba(0,0,0,0.2)&#8221; global_colors_info=&#8221;{}&#8221;]<\/p>\n<h1>condiciones de venta<\/h1>\n<p>[\/et_pb_text][\/et_pb_column][\/et_pb_row][\/et_pb_section][et_pb_section fb_built=&#8221;1&#8243; _builder_version=&#8221;4.16&#8243; _module_preset=&#8221;default&#8221; background_color=&#8221;#fcfdff&#8221; global_colors_info=&#8221;{}&#8221;][et_pb_row custom_padding_last_edited=&#8221;on|phone&#8221; _builder_version=&#8221;4.16&#8243; _module_preset=&#8221;default&#8221; custom_padding_tablet=&#8221;75px||||false|false&#8221; custom_padding_phone=&#8221;&#8221; global_colors_info=&#8221;{}&#8221;][et_pb_column type=&#8221;4_4&#8243; _builder_version=&#8221;4.16&#8243; _module_preset=&#8221;default&#8221; global_colors_info=&#8221;{}&#8221;][et_pb_text _builder_version=&#8221;4.24.0&#8243; _module_preset=&#8221;default&#8221; header_2_text_align=&#8221;center&#8221; custom_margin=&#8221;||25px||false|false&#8221; global_colors_info=&#8221;{}&#8221;]<\/p>\n<h2 data-sourcepos=\"1:1-1:36\" class=\"\">Condiciones de venta de Som Greens<\/h2>\n<p>[\/et_pb_text][et_pb_divider _builder_version=&#8221;4.16&#8243; _module_preset=&#8221;default&#8221; width=&#8221;100px&#8221; module_alignment=&#8221;center&#8221; custom_margin=&#8221;||0px||false|false&#8221; global_colors_info=&#8221;{}&#8221;][\/et_pb_divider][\/et_pb_column][\/et_pb_row][et_pb_row _builder_version=&#8221;4.24.0&#8243; _module_preset=&#8221;default&#8221; global_colors_info=&#8221;{}&#8221;][et_pb_column type=&#8221;4_4&#8243; _builder_version=&#8221;4.24.0&#8243; _module_preset=&#8221;default&#8221; global_colors_info=&#8221;{}&#8221;][et_pb_text _builder_version=&#8221;4.24.0&#8243; _module_preset=&#8221;default&#8221; text_font_size=&#8221;20px&#8221; hover_enabled=&#8221;0&#8243; custom_css_free_form=&#8221;.arobase::before {||content: %22%92000040%22;||}&#8221; global_colors_info=&#8221;{}&#8221; sticky_enabled=&#8221;0&#8243;]<\/p>\n<div _ngcontent-ng-c917931455=\"\" class=\"markdown markdown-main-panel ui-v2-enabled\" dir=\"ltr\">\n<div _ngcontent-ng-c917931455=\"\" class=\"markdown markdown-main-panel ui-v2-enabled\" dir=\"ltr\">\n<p data-sourcepos=\"1:1-1:47\"><strong>1. Introducci\u00f3n<\/strong><\/p>\n<p><span> <\/span><\/p>\n<p data-sourcepos=\"5:1-5:44\"><span>Som Greens ,<\/span><span> con CIF Z0065809B y domicilio social en Calle Teniente\u00a0Segui, 11, Alfaz\u00a0del Pi 03580, Alicante,\u00a0<\/span><span>Espa\u00f1a,<\/span><span> es titular del sitio web https:\/\/somgreens.com\/\u00a0(en adelante,<\/span><span> el &#8220;Sitio Web&#8221;).<\/span><\/p>\n<p data-sourcepos=\"7:1-7:137\"><span>Las presentes Condiciones Generales de Venta (en adelante,<\/span><span> las &#8220;Condiciones&#8221;) regulan la compraventa de productos a trav\u00e9s del Sitio Web.<\/span><\/p>\n<p><span> <\/span><\/p>\n<p data-sourcepos=\"9:1-9:27\"><strong>2. \u00c1mbito de aplicaci\u00f3n<\/strong><\/p>\n<p data-sourcepos=\"11:1-11:125\"><span>Las presentes Condiciones se aplican a la compraventa de productos a trav\u00e9s del Sitio Web por parte de consumidores finales y profesionales.<\/span><\/p>\n<p><span> <\/span><\/p>\n<p data-sourcepos=\"13:1-13:38\"><strong>3. Informaci\u00f3n sobre los productos<\/strong><\/p>\n<p data-sourcepos=\"15:1-15:117\"><span>Las caracter\u00edsticas de los productos ofertados en el Sitio Web se encuentran detalladas en la ficha de cada producto.<\/span><\/p>\n<p><span> <\/span><\/p>\n<p data-sourcepos=\"17:1-17:13\"><strong>4. Precio<\/strong><\/p>\n<p data-sourcepos=\"19:1-19:80\"><span>Los precios de los productos se encuentran indicados en euros e incluyen el IVA.<\/span><\/p>\n<p><span> <\/span><\/p>\n<p data-sourcepos=\"21:1-21:22\"><strong>5. Gastos de env\u00edo<\/strong><\/p>\n<p data-sourcepos=\"23:1-23:81\"><span>Los gastos de env\u00edo se calculan en funci\u00f3n del peso,<\/span><span> volumen y destino del env\u00edo.<\/span><\/p>\n<p><span> <\/span><\/p>\n<p data-sourcepos=\"25:1-25:20\"><strong>6. Forma de pago<\/strong><\/p>\n<p data-sourcepos=\"27:1-27:112\"><span>El pago de los productos se puede realizar mediante tarjeta de cr\u00e9dito,<\/span><span> d\u00e9bito<\/span><span>\u00a0o transferencia bancaria.<\/span><\/p>\n<p><span> <\/span><\/p>\n<p data-sourcepos=\"29:1-29:23\"><strong>7. Entrega<\/strong><\/p>\n<p data-sourcepos=\"31:1-31:19\"><span>La entregas tienen lugar en d\u00edas fijos, seg\u00fan nuestras giras. Te informamos sobre las fechas de entrega cuando haces tu compra.<\/span><\/p>\n<p><span> <\/span><\/p>\n<p data-sourcepos=\"33:1-33:31\"><strong>8. Derecho de desistimiento<\/strong><\/p>\n<p data-sourcepos=\"35:1-35:129\"><span>El Usuario tiene derecho a desistir a sus suscripciones en cualquier momento, con efecto inmediato, sin que eso le diera derecho a cualquier reembolso del periodo anterior a su desistimiento.<\/span><\/p>\n<p><span> <\/span><\/p>\n<p data-sourcepos=\"37:1-37:19\"><strong>9. Devoluciones<\/strong><\/p>\n<p data-sourcepos=\"39:1-39:81\"><span>Siendo productos frescos y vivos, no aceptamos devoluciones. Pero si hay un problema con alguno de nuestros productos, dinoslo, te lo cambiaremos.<\/span><\/p>\n<p><span> <\/span><\/p>\n<p data-sourcepos=\"45:1-45:27\"><strong>10. Atenci\u00f3n al cliente<\/strong><\/p>\n<p data-sourcepos=\"47:1-47:179\"><span>Para cualquier duda o reclamaci\u00f3n,<\/span><span> el Usuario puede contactar con el Servicio de Atenci\u00f3n al Cliente de Som Greens a trav\u00e9s del siguiente correo electr\u00f3nico:<\/span><span> hola<span class=\"arobase\"><\/span>somgreens.<\/span><span>com<\/span><\/p>\n<p><span> <\/span><\/p>\n<p data-sourcepos=\"49:1-49:36\"><strong>11. Ley aplicable y jurisdicci\u00f3n<\/strong><\/p>\n<p data-sourcepos=\"51:1-51:224\"><span>Las relaciones entre Som Greens y los usuarios del Sitio Web se regir\u00e1n por la legislaci\u00f3n espa\u00f1ola.<\/span><span> Cualquier controversia que pueda surgir entre las partes ser\u00e1 sometida a la jurisdicci\u00f3n de los tribunales de Alicante.<\/span><\/p>\n<p><span> <\/span><\/p>\n<p data-sourcepos=\"53:1-53:29\"><strong>12. Cl\u00e1usulas adicionales<\/strong><\/p>\n<p><span> <\/span><span> <\/span><\/p>\n<ul data-sourcepos=\"55:1-55:218\">\n<ul data-sourcepos=\"55:1-55:218\">\n<li data-sourcepos=\"55:1-55:218\"><strong>Exclusi\u00f3n de responsabilidad por el contenido y los servicios prestados por terceros:<\/strong><span> Som Greens no se hace responsable de los da\u00f1os y perjuicios que puedan derivarse de la prestaci\u00f3n de servicios por parte de terceros a trav\u00e9s del Sitio Web.<\/span><\/li>\n<li data-sourcepos=\"55:1-55:218\"><strong>Ley de Servicios de la Sociedad de la Informaci\u00f3n y del Comercio Electr\u00f3nico:<\/strong><span> El presente Aviso Legal se rige por la Ley 34\/2002,<\/span><span> de 11 de julio,<\/span><span> de Servicios de la Sociedad de la Informaci\u00f3n y del Comercio Electr\u00f3nico.<\/span><\/li>\n<li data-sourcepos=\"55:1-55:218\"><strong>Resoluci\u00f3n de litigios en l\u00ednea:<\/strong><span> La Comisi\u00f3n Europea facilita una plataforma de resoluci\u00f3n de litigios en l\u00ednea:<\/span><span> <\/span><a class=\"traceable-link\" target=\"_blank\" rel=\"noopener noreferrer\" href=\"https:\/\/ec.europa.eu\/consumers\/odr\/\">https:\/\/ec.europa.eu\/consumers\/odr\/<\/a><span>.<\/span><\/li>\n<\/ul>\n<\/ul>\n<ul data-sourcepos=\"55:1-55:218\">\n<ul data-sourcepos=\"55:1-55:218\"><\/ul>\n<\/ul>\n<p>&nbsp;<\/p>\n<\/div>\n<\/div>\n<p>[\/et_pb_text][\/et_pb_column][\/et_pb_row][et_pb_row _builder_version=&#8221;4.16&#8243; _module_preset=&#8221;default&#8221; global_colors_info=&#8221;{}&#8221;][et_pb_column type=&#8221;4_4&#8243; _builder_version=&#8221;4.16&#8243; _module_preset=&#8221;default&#8221; global_colors_info=&#8221;{}&#8221;][et_pb_cta title=&#8221;\u00bfNo has encontrado respuesta a tus dudas ?&#8221; button_url=&#8221;https:\/\/somgreens.com\/tus-preguntas-microgreens\/&#8221; button_text=&#8221;\u00a1Env\u00edanos un mensaje!&#8221; _builder_version=&#8221;4.24.0&#8243; _module_preset=&#8221;default&#8221; header_text_color=&#8221;#000000&#8243; background_color=&#8221;rgba(197,240,164,0.46)&#8221; global_colors_info=&#8221;{}&#8221;][\/et_pb_cta][\/et_pb_column][\/et_pb_row][et_pb_row column_structure=&#8221;1_3,1_3,1_3&#8243; _builder_version=&#8221;4.16&#8243; _module_preset=&#8221;default&#8221; max_width=&#8221;1000px&#8221; module_alignment=&#8221;center&#8221; global_colors_info=&#8221;{}&#8221;][et_pb_column type=&#8221;1_3&#8243; _builder_version=&#8221;4.16&#8243; _module_preset=&#8221;default&#8221; global_colors_info=&#8221;{}&#8221;][et_pb_blurb title=&#8221;Direcci\u00f3n&#8221; use_icon=&#8221;on&#8221; font_icon=&#8221;&#xe081;||divi||400&#8243; icon_color=&#8221;gcid-92742219-d369-4328-aba9-a62126767e78&#8243; icon_placement=&#8221;left&#8221; _builder_version=&#8221;4.24.0&#8243; _module_preset=&#8221;default&#8221; animation=&#8221;off&#8221; global_colors_info=&#8221;{%22gcid-92742219-d369-4328-aba9-a62126767e78%22:%91%22icon_color%22%93}&#8221;]<\/p>\n<p>Carrer Tinent Segui. 11<br \/>03580 L&#8217;Alfas del Pi<\/p>\n<p>Alicante<\/p>\n<p>[\/et_pb_blurb][\/et_pb_column][et_pb_column type=&#8221;1_3&#8243; _builder_version=&#8221;4.16&#8243; _module_preset=&#8221;default&#8221; global_colors_info=&#8221;{}&#8221;][et_pb_blurb title=&#8221;Llamanos o Whatsapp&#8221; use_icon=&#8221;on&#8221; font_icon=&#8221;&#xe090;||divi||400&#8243; icon_color=&#8221;gcid-92742219-d369-4328-aba9-a62126767e78&#8243; icon_placement=&#8221;left&#8221; _builder_version=&#8221;4.24.0&#8243; _module_preset=&#8221;default&#8221; animation=&#8221;off&#8221; global_colors_info=&#8221;{%22gcid-92742219-d369-4328-aba9-a62126767e78%22:%91%22icon_color%22%93}&#8221;]<\/p>\n<p>644088944<\/p>\n<p>[\/et_pb_blurb][\/et_pb_column][et_pb_column type=&#8221;1_3&#8243; _builder_version=&#8221;4.16&#8243; _module_preset=&#8221;default&#8221; global_colors_info=&#8221;{}&#8221;][et_pb_blurb title=&#8221;Email&#8221; use_icon=&#8221;on&#8221; font_icon=&#8221;&#xe076;||divi||400&#8243; icon_color=&#8221;gcid-92742219-d369-4328-aba9-a62126767e78&#8243; icon_placement=&#8221;left&#8221; image_icon_width=&#8221;26px&#8221; _builder_version=&#8221;4.24.0&#8243; _module_preset=&#8221;default&#8221; animation=&#8221;off&#8221; custom_css_free_form=&#8221;.arobase::before {||content: %22%92000040%22;||}&#8221; icon_font_size=&#8221;26px&#8221; global_colors_info=&#8221;{%22gcid-92742219-d369-4328-aba9-a62126767e78%22:%91%22icon_color%22%93}&#8221;]hola<span class=\"arobase\"><\/span>somgreens.com[\/et_pb_blurb][\/et_pb_column][\/et_pb_row][\/et_pb_section]<\/p>","protected":false},"excerpt":{"rendered":"<p>condiciones de ventaCondiciones de venta de Som Greens 1. Introducci\u00f3n Som Greens , con CIF Z0065809B y domicilio social en Calle Teniente\u00a0Segui, 11, Alfaz\u00a0del Pi 03580, Alicante,\u00a0Espa\u00f1a, es titular del sitio web https:\/\/somgreens.com\/\u00a0(en adelante, el &#8220;Sitio Web&#8221;). Las presentes Condiciones Generales de Venta (en adelante, las &#8220;Condiciones&#8221;) regulan la compraventa de productos a trav\u00e9s del [&hellip;]<\/p>","protected":false},"author":1,"featured_media":0,"parent":0,"menu_order":0,"comment_status":"closed","ping_status":"closed","template":"","meta":{"_et_pb_use_builder":"on","_et_pb_old_content":"","_et_gb_content_width":"","footnotes":""},"class_list":["post-100750","page","type-page","status-publish","hentry"],"yoast_head":"<!-- This site is optimized with the Yoast SEO Premium plugin v23.9 (Yoast SEO v23.9) - https:\/\/yoast.com\/wordpress\/plugins\/seo\/ -->\n<title>Condiciones de venta de nuestros microbrotes | Som Greens<\/title>\n<meta name=\"description\" content=\"Condiciones de venta de Som Greens: plazos de entrega, pol\u00edtica de devoluciones y garant\u00eda de frescura para tus microbrotes. Env\u00edos en 24h a toda Espa\u00f1a.\" \/>\n<meta name=\"robots\" content=\"index, follow, max-snippet:-1, max-image-preview:large, max-video-preview:-1\" \/>\n<link rel=\"canonical\" href=\"https:\/\/somgreens.com\/en\/condiciones-venta\/\" \/>\n<meta property=\"og:locale\" content=\"en_GB\" \/>\n<meta property=\"og:type\" content=\"article\" \/>\n<meta property=\"og:title\" content=\"Condiciones de venta\" \/>\n<meta property=\"og:description\" content=\"Condiciones de venta de Som Greens: plazos de entrega, pol\u00edtica de devoluciones y garant\u00eda de frescura para tus microbrotes. Env\u00edos en 24h a toda Espa\u00f1a.\" \/>\n<meta property=\"og:url\" content=\"https:\/\/somgreens.com\/en\/condiciones-venta\/\" \/>\n<meta property=\"og:site_name\" content=\"Microbrotes vivos -24h | Som Greens\" \/>\n<meta property=\"article:publisher\" content=\"https:\/\/www.facebook.com\/somgreens.microgreens\/\" \/>\n<meta property=\"article:modified_time\" content=\"2024-02-21T11:53:30+00:00\" \/>\n<meta property=\"og:image\" content=\"https:\/\/somgreens.com\/wp-content\/uploads\/2024\/12\/Gardening_frames-6-1.jpg\" \/>\n\t<meta property=\"og:image:width\" content=\"1000\" \/>\n\t<meta property=\"og:image:height\" content=\"1000\" \/>\n\t<meta property=\"og:image:type\" content=\"image\/jpeg\" \/>\n<meta name=\"twitter:card\" content=\"summary_large_image\" \/>\n<meta name=\"twitter:label1\" content=\"Estimated reading time\" \/>\n\t<meta name=\"twitter:data1\" content=\"6 minutes\" \/>\n<script type=\"application\/ld+json\" class=\"yoast-schema-graph\">{\"@context\":\"https:\/\/schema.org\",\"@graph\":[{\"@type\":\"WebPage\",\"@id\":\"https:\/\/somgreens.com\/condiciones-venta\/\",\"url\":\"https:\/\/somgreens.com\/condiciones-venta\/\",\"name\":\"Condiciones de venta de nuestros microbrotes | Som Greens\",\"isPartOf\":{\"@id\":\"https:\/\/somgreens.com\/#website\"},\"datePublished\":\"2024-02-21T11:47:31+00:00\",\"dateModified\":\"2024-02-21T11:53:30+00:00\",\"description\":\"Condiciones de venta de Som Greens: plazos de entrega, pol\u00edtica de devoluciones y garant\u00eda de frescura para tus microbrotes. Env\u00edos en 24h a toda Espa\u00f1a.\",\"breadcrumb\":{\"@id\":\"https:\/\/somgreens.com\/condiciones-venta\/#breadcrumb\"},\"inLanguage\":\"en-GB\",\"potentialAction\":[{\"@type\":\"ReadAction\",\"target\":[\"https:\/\/somgreens.com\/condiciones-venta\/\"]}]},{\"@type\":\"BreadcrumbList\",\"@id\":\"https:\/\/somgreens.com\/condiciones-venta\/#breadcrumb\",\"itemListElement\":[{\"@type\":\"ListItem\",\"position\":1,\"name\":\"Home\",\"item\":\"https:\/\/somgreens.com\/\"},{\"@type\":\"ListItem\",\"position\":2,\"name\":\"Condiciones de venta\"}]},{\"@type\":\"WebSite\",\"@id\":\"https:\/\/somgreens.com\/#website\",\"url\":\"https:\/\/somgreens.com\/\",\"name\":\"Microbrotes vivos -24h | Som Greens\",\"description\":\"Microbrotes y brotes vivos frescos entregados en 24h en toda Espa\u00f1a. M\u00e1xima calidad y nutrici\u00f3n para particulares y restaurantes. Env\u00edo gratis, ver condiciones.\",\"publisher\":{\"@id\":\"https:\/\/somgreens.com\/#organization\"},\"alternateName\":\"Microbrotes | Som Greens\",\"potentialAction\":[{\"@type\":\"SearchAction\",\"target\":{\"@type\":\"EntryPoint\",\"urlTemplate\":\"https:\/\/somgreens.com\/?s={search_term_string}\"},\"query-input\":{\"@type\":\"PropertyValueSpecification\",\"valueRequired\":true,\"valueName\":\"search_term_string\"}}],\"inLanguage\":\"en-GB\"},{\"@type\":\"Organization\",\"@id\":\"https:\/\/somgreens.com\/#organization\",\"name\":\"Som Greens\",\"url\":\"https:\/\/somgreens.com\/\",\"logo\":{\"@type\":\"ImageObject\",\"inLanguage\":\"en-GB\",\"@id\":\"https:\/\/somgreens.com\/#\/schema\/logo\/image\/\",\"url\":\"https:\/\/somgreens.com\/wp-content\/uploads\/2023\/12\/Color-logo-no-background-3.png\",\"contentUrl\":\"https:\/\/somgreens.com\/wp-content\/uploads\/2023\/12\/Color-logo-no-background-3.png\",\"width\":1920,\"height\":1920,\"caption\":\"Som Greens\"},\"image\":{\"@id\":\"https:\/\/somgreens.com\/#\/schema\/logo\/image\/\"},\"sameAs\":[\"https:\/\/www.facebook.com\/somgreens.microgreens\/\",\"https:\/\/www.instagram.com\/som.greens\/\"],\"description\":\"En Som Greens cultivamos microbrotes para restaurantes y particulares.\",\"email\":\"hola@somgreens.com\",\"telephone\":\"+34 644088944\",\"legalName\":\"Som Greens\",\"vatID\":\"ESZ0065809B\",\"taxID\":\"Z0065809B\",\"numberOfEmployees\":{\"@type\":\"QuantitativeValue\",\"minValue\":\"1\",\"maxValue\":\"10\"}}]}<\/script>\n<!-- \/ Yoast SEO Premium plugin. -->","yoast_head_json":{"title":"Condiciones de venta de nuestros microbrotes | Som Greens","description":"Condiciones de venta de Som Greens: plazos de entrega, pol\u00edtica de devoluciones y garant\u00eda de frescura para tus microbrotes. Env\u00edos en 24h a toda Espa\u00f1a.","robots":{"index":"index","follow":"follow","max-snippet":"max-snippet:-1","max-image-preview":"max-image-preview:large","max-video-preview":"max-video-preview:-1"},"canonical":"https:\/\/somgreens.com\/en\/condiciones-venta\/","og_locale":"en_GB","og_type":"article","og_title":"Condiciones de venta","og_description":"Condiciones de venta de Som Greens: plazos de entrega, pol\u00edtica de devoluciones y garant\u00eda de frescura para tus microbrotes. Env\u00edos en 24h a toda Espa\u00f1a.","og_url":"https:\/\/somgreens.com\/en\/condiciones-venta\/","og_site_name":"Microbrotes vivos -24h | Som Greens","article_publisher":"https:\/\/www.facebook.com\/somgreens.microgreens\/","article_modified_time":"2024-02-21T11:53:30+00:00","og_image":[{"width":1000,"height":1000,"url":"https:\/\/somgreens.com\/wp-content\/uploads\/2024\/12\/Gardening_frames-6-1.jpg","type":"image\/jpeg"}],"twitter_card":"summary_large_image","twitter_misc":{"Estimated reading time":"6 minutes"},"schema":{"@context":"https:\/\/schema.org","@graph":[{"@type":"WebPage","@id":"https:\/\/somgreens.com\/condiciones-venta\/","url":"https:\/\/somgreens.com\/condiciones-venta\/","name":"Condiciones de venta de nuestros microbrotes | Som Greens","isPartOf":{"@id":"https:\/\/somgreens.com\/#website"},"datePublished":"2024-02-21T11:47:31+00:00","dateModified":"2024-02-21T11:53:30+00:00","description":"Condiciones de venta de Som Greens: plazos de entrega, pol\u00edtica de devoluciones y garant\u00eda de frescura para tus microbrotes. Env\u00edos en 24h a toda Espa\u00f1a.","breadcrumb":{"@id":"https:\/\/somgreens.com\/condiciones-venta\/#breadcrumb"},"inLanguage":"en-GB","potentialAction":[{"@type":"ReadAction","target":["https:\/\/somgreens.com\/condiciones-venta\/"]}]},{"@type":"BreadcrumbList","@id":"https:\/\/somgreens.com\/condiciones-venta\/#breadcrumb","itemListElement":[{"@type":"ListItem","position":1,"name":"Home","item":"https:\/\/somgreens.com\/"},{"@type":"ListItem","position":2,"name":"Condiciones de venta"}]},{"@type":"WebSite","@id":"https:\/\/somgreens.com\/#website","url":"https:\/\/somgreens.com\/","name":"Microbrotes vivos -24h | Som Greens","description":"Microbrotes y brotes vivos frescos entregados en 24h en toda Espa\u00f1a. M\u00e1xima calidad y nutrici\u00f3n para particulares y restaurantes. Env\u00edo gratis, ver condiciones.","publisher":{"@id":"https:\/\/somgreens.com\/#organization"},"alternateName":"Microbrotes | Som Greens","potentialAction":[{"@type":"SearchAction","target":{"@type":"EntryPoint","urlTemplate":"https:\/\/somgreens.com\/?s={search_term_string}"},"query-input":{"@type":"PropertyValueSpecification","valueRequired":true,"valueName":"search_term_string"}}],"inLanguage":"en-GB"},{"@type":"Organization","@id":"https:\/\/somgreens.com\/#organization","name":"Som Greens","url":"https:\/\/somgreens.com\/","logo":{"@type":"ImageObject","inLanguage":"en-GB","@id":"https:\/\/somgreens.com\/#\/schema\/logo\/image\/","url":"https:\/\/somgreens.com\/wp-content\/uploads\/2023\/12\/Color-logo-no-background-3.png","contentUrl":"https:\/\/somgreens.com\/wp-content\/uploads\/2023\/12\/Color-logo-no-background-3.png","width":1920,"height":1920,"caption":"Som Greens"},"image":{"@id":"https:\/\/somgreens.com\/#\/schema\/logo\/image\/"},"sameAs":["https:\/\/www.facebook.com\/somgreens.microgreens\/","https:\/\/www.instagram.com\/som.greens\/"],"description":"En Som Greens cultivamos microbrotes para restaurantes y particulares.","email":"hola@somgreens.com","telephone":"+34 644088944","legalName":"Som Greens","vatID":"ESZ0065809B","taxID":"Z0065809B","numberOfEmployees":{"@type":"QuantitativeValue","minValue":"1","maxValue":"10"}}]}},"_links":{"self":[{"href":"https:\/\/somgreens.com\/en\/wp-json\/wp\/v2\/pages\/100750","targetHints":{"allow":["GET"]}}],"collection":[{"href":"https:\/\/somgreens.com\/en\/wp-json\/wp\/v2\/pages"}],"about":[{"href":"https:\/\/somgreens.com\/en\/wp-json\/wp\/v2\/types\/page"}],"author":[{"embeddable":true,"href":"https:\/\/somgreens.com\/en\/wp-json\/wp\/v2\/users\/1"}],"replies":[{"embeddable":true,"href":"https:\/\/somgreens.com\/en\/wp-json\/wp\/v2\/comments?post=100750"}],"version-history":[{"count":0,"href":"https:\/\/somgreens.com\/en\/wp-json\/wp\/v2\/pages\/100750\/revisions"}],"wp:attachment":[{"href":"https:\/\/somgreens.com\/en\/wp-json\/wp\/v2\/media?parent=100750"}],"curies":[{"name":"wp","href":"https:\/\/api.w.org\/{rel}","templated":true}]}}