{"id":90075,"date":"2021-03-24T12:31:12","date_gmt":"2021-03-24T12:31:12","guid":{"rendered":"http:\/\/twopixels-test-server.nl\/divicommerce\/?page_id=9211"},"modified":"2024-02-21T11:10:15","modified_gmt":"2024-02-21T10:10:15","slug":"contacto","status":"publish","type":"page","link":"https:\/\/somgreens.com\/en\/contacto\/","title":{"rendered":"Contacta con nosotros"},"content":{"rendered":"<p>[et_pb_section fb_built=&#8221;1&#8243; _builder_version=&#8221;4.24.0&#8243; _module_preset=&#8221;default&#8221; use_background_color_gradient=&#8221;on&#8221; background_color_gradient_direction=&#8221;90deg&#8221; background_color_gradient_stops=&#8221;rgba(0,0,0,0.25) 0%|rgba(0,0,0,0.25) 100%&#8221; background_color_gradient_overlays_image=&#8221;on&#8221; background_color_gradient_start=&#8221;rgba(0,0,0,0.25)&#8221; background_color_gradient_end=&#8221;rgba(0,0,0,0.25)&#8221; background_image=&#8221;https:\/\/somgreens.com\/wp-content\/uploads\/2024\/02\/heap-of-beet-micro-greens-on-table-background-2023-11-27-05-00-53-utc-scaled.jpg&#8221; background_enable_video_mp4=&#8221;off&#8221; box_shadow_style=&#8221;preset6&#8243; box_shadow_blur=&#8221;24px&#8221; box_shadow_color=&#8221;rgba(0,0,0,0.2)&#8221; global_colors_info=&#8221;{}&#8221;][et_pb_row _builder_version=&#8221;4.16&#8243; _module_preset=&#8221;default&#8221; max_width=&#8221;100%&#8221; custom_padding=&#8221;150px|0px|150px|0px|true|true&#8221; global_colors_info=&#8221;{}&#8221;][et_pb_column type=&#8221;4_4&#8243; _builder_version=&#8221;4.16&#8243; _module_preset=&#8221;default&#8221; global_colors_info=&#8221;{}&#8221;][et_pb_text _builder_version=&#8221;4.24.0&#8243; _module_preset=&#8221;default&#8221; header_text_align=&#8221;center&#8221; header_text_color=&#8221;#FFFFFF&#8221; header_font_size=&#8221;60px&#8221; header_text_align_tablet=&#8221;center&#8221; header_text_align_phone=&#8221;center&#8221; header_text_align_last_edited=&#8221;on|desktop&#8221; header_font_size_tablet=&#8221;&#8221; header_font_size_phone=&#8221;38px&#8221; header_font_size_last_edited=&#8221;on|phone&#8221; header_text_shadow_style=&#8221;preset2&#8243; header_text_shadow_horizontal_length=&#8221;0.02em&#8221; header_text_shadow_vertical_length=&#8221;0.02em&#8221; header_text_shadow_blur_strength=&#8221;0.05em&#8221; header_text_shadow_color=&#8221;rgba(0,0,0,0.2)&#8221; global_colors_info=&#8221;{}&#8221;]<\/p>\n<h1>Contacta con nosotros<\/h1>\n<h2 style=\"text-align: center;\"><span style=\"color: #ffffff;\">\u00bfEres un profesional?<\/span><\/h4>\n<h4 style=\"text-align: center;\"><span style=\"color: #ffffff;\">\u00a1Pidenos una muestra gratis llenando el formulario!<\/span><\/h4>\n<p>[\/et_pb_text][\/et_pb_column][\/et_pb_row][\/et_pb_section][et_pb_section fb_built=&#8221;1&#8243; _builder_version=&#8221;4.16&#8243; _module_preset=&#8221;default&#8221; background_color=&#8221;#fcfdff&#8221; global_colors_info=&#8221;{}&#8221;][et_pb_row column_structure=&#8221;1_3,1_3,1_3&#8243; _builder_version=&#8221;4.16&#8243; _module_preset=&#8221;default&#8221; max_width=&#8221;1000px&#8221; module_alignment=&#8221;center&#8221; global_colors_info=&#8221;{}&#8221;][et_pb_column type=&#8221;1_3&#8243; _builder_version=&#8221;4.16&#8243; _module_preset=&#8221;default&#8221; global_colors_info=&#8221;{}&#8221;][et_pb_blurb title=&#8221;Direcci\u00f3n&#8221; use_icon=&#8221;on&#8221; font_icon=&#8221;&#xe081;||divi||400&#8243; icon_color=&#8221;gcid-92742219-d369-4328-aba9-a62126767e78&#8243; icon_placement=&#8221;left&#8221; _builder_version=&#8221;4.24.0&#8243; _module_preset=&#8221;default&#8221; animation=&#8221;off&#8221; global_colors_info=&#8221;{%22gcid-92742219-d369-4328-aba9-a62126767e78%22:%91%22icon_color%22%93}&#8221;]<\/p>\n<p>Carrer Tinent Segui. 11<br \/>03580 L&#8217;Alfas del Pi<\/p>\n<p>Alicante<\/p>\n<p>[\/et_pb_blurb][\/et_pb_column][et_pb_column type=&#8221;1_3&#8243; _builder_version=&#8221;4.16&#8243; _module_preset=&#8221;default&#8221; global_colors_info=&#8221;{}&#8221;][et_pb_blurb title=&#8221;Llamanos o Whatsapp&#8221; use_icon=&#8221;on&#8221; font_icon=&#8221;&#xe090;||divi||400&#8243; icon_color=&#8221;gcid-92742219-d369-4328-aba9-a62126767e78&#8243; icon_placement=&#8221;left&#8221; _builder_version=&#8221;4.24.0&#8243; _module_preset=&#8221;default&#8221; animation=&#8221;off&#8221; global_colors_info=&#8221;{%22gcid-92742219-d369-4328-aba9-a62126767e78%22:%91%22icon_color%22%93}&#8221;]<\/p>\n<p>644088944<\/p>\n<p>[\/et_pb_blurb][\/et_pb_column][et_pb_column type=&#8221;1_3&#8243; _builder_version=&#8221;4.16&#8243; _module_preset=&#8221;default&#8221; global_colors_info=&#8221;{}&#8221;][et_pb_blurb title=&#8221;Email&#8221; use_icon=&#8221;on&#8221; font_icon=&#8221;&#xe076;||divi||400&#8243; icon_color=&#8221;gcid-92742219-d369-4328-aba9-a62126767e78&#8243; icon_placement=&#8221;left&#8221; image_icon_width=&#8221;26px&#8221; _builder_version=&#8221;4.24.0&#8243; _module_preset=&#8221;default&#8221; animation=&#8221;off&#8221; custom_css_free_form=&#8221;.arobase::before {||content: %22%92000040%22;||}&#8221; icon_font_size=&#8221;26px&#8221; global_colors_info=&#8221;{%22gcid-92742219-d369-4328-aba9-a62126767e78%22:%91%22icon_color%22%93}&#8221;]hola<span class=\"arobase\"><\/span>somgreens.com[\/et_pb_blurb][\/et_pb_column][\/et_pb_row][et_pb_row _builder_version=&#8221;4.16&#8243; _module_preset=&#8221;default&#8221; global_colors_info=&#8221;{}&#8221;][et_pb_column type=&#8221;4_4&#8243; _builder_version=&#8221;4.16&#8243; _module_preset=&#8221;default&#8221; global_colors_info=&#8221;{}&#8221;][et_pb_contact_form use_spam_service=&#8221;on&#8221; recaptcha_list=&#8221;SomGreens|SomGreens-0&#8243; email=&#8221;hola@somgreens.com&#8221; title=&#8221;Contacta con nosotros&#8221; success_message=&#8221;\u00a1Gracias por tu mensaje! Nos pondremos en contacto contigo pronto.&#8221; submit_button_text=&#8221;Enviar&#8221; _builder_version=&#8221;4.24.0&#8243; _module_preset=&#8221;default&#8221; _unique_id=&#8221;66f5f5c7-9bad-4ff5-933e-e54e0d465fb0&#8243; form_field_background_color=&#8221;#FFFFFF&#8221; custom_margin=&#8221;20px||||false|false&#8221; custom_padding=&#8221;|40px|||false|false&#8221; hover_enabled=&#8221;0&#8243; border_width_all=&#8221;1px&#8221; border_color_all=&#8221;#c6c6c6&#8243; global_colors_info=&#8221;{}&#8221; sticky_enabled=&#8221;0&#8243; custom_message=&#8221;Restaurante : %%restaurant%%||et_pb_line_break_holder||Donde esta el restaurante : %%direccion-restaurant%%||et_pb_line_break_holder||Muestra gratis ? : %%muestra%%||et_pb_line_break_holder||Apellido : %%First_Name%%||et_pb_line_break_holder||Nombre : %%Name%%||et_pb_line_break_holder||Email : %%Email%%||et_pb_line_break_holder||Tel\u00e9fono: %%Phone_Number%%||et_pb_line_break_holder||Mensaje:  %%Message%%&#8221;][et_pb_contact_field field_id=&#8221;restaurant&#8221; field_title=&#8221;Tu Restaurante&#8221; required_mark=&#8221;off&#8221; _builder_version=&#8221;4.24.0&#8243; hover_enabled=&#8221;0&#8243; global_colors_info=&#8221;{}&#8221; button_text_size__hover_enabled=&#8221;off&#8221; button_one_text_size__hover_enabled=&#8221;off&#8221; button_two_text_size__hover_enabled=&#8221;off&#8221; button_text_color__hover_enabled=&#8221;off&#8221; button_one_text_color__hover_enabled=&#8221;off&#8221; button_two_text_color__hover_enabled=&#8221;off&#8221; button_border_width__hover_enabled=&#8221;off&#8221; button_one_border_width__hover_enabled=&#8221;off&#8221; button_two_border_width__hover_enabled=&#8221;off&#8221; button_border_color__hover_enabled=&#8221;off&#8221; button_one_border_color__hover_enabled=&#8221;off&#8221; button_two_border_color__hover_enabled=&#8221;off&#8221; button_border_radius__hover_enabled=&#8221;off&#8221; button_one_border_radius__hover_enabled=&#8221;off&#8221; button_two_border_radius__hover_enabled=&#8221;off&#8221; button_letter_spacing__hover_enabled=&#8221;off&#8221; button_one_letter_spacing__hover_enabled=&#8221;off&#8221; button_two_letter_spacing__hover_enabled=&#8221;off&#8221; button_bg_color__hover_enabled=&#8221;off&#8221; button_one_bg_color__hover_enabled=&#8221;off&#8221; button_two_bg_color__hover_enabled=&#8221;off&#8221; sticky_enabled=&#8221;0&#8243;][\/et_pb_contact_field][et_pb_contact_field field_id=&#8221;direccion-restaurant&#8221; field_title=&#8221;\u00bfD\u00f3nde te llevamos tus muestras?&#8221; required_mark=&#8221;off&#8221; _builder_version=&#8221;4.24.0&#8243; hover_enabled=&#8221;0&#8243; global_colors_info=&#8221;{}&#8221; button_text_size__hover_enabled=&#8221;off&#8221; button_one_text_size__hover_enabled=&#8221;off&#8221; button_two_text_size__hover_enabled=&#8221;off&#8221; button_text_color__hover_enabled=&#8221;off&#8221; button_one_text_color__hover_enabled=&#8221;off&#8221; button_two_text_color__hover_enabled=&#8221;off&#8221; button_border_width__hover_enabled=&#8221;off&#8221; button_one_border_width__hover_enabled=&#8221;off&#8221; button_two_border_width__hover_enabled=&#8221;off&#8221; button_border_color__hover_enabled=&#8221;off&#8221; button_one_border_color__hover_enabled=&#8221;off&#8221; button_two_border_color__hover_enabled=&#8221;off&#8221; button_border_radius__hover_enabled=&#8221;off&#8221; button_one_border_radius__hover_enabled=&#8221;off&#8221; button_two_border_radius__hover_enabled=&#8221;off&#8221; button_letter_spacing__hover_enabled=&#8221;off&#8221; button_one_letter_spacing__hover_enabled=&#8221;off&#8221; button_two_letter_spacing__hover_enabled=&#8221;off&#8221; button_bg_color__hover_enabled=&#8221;off&#8221; button_one_bg_color__hover_enabled=&#8221;off&#8221; button_two_bg_color__hover_enabled=&#8221;off&#8221; sticky_enabled=&#8221;0&#8243;][\/et_pb_contact_field][et_pb_contact_field fullwidth_field=&#8221;on&#8221; _builder_version=&#8221;4.24.0&#8243; _module_preset=&#8221;default&#8221; field_type=&#8221;checkbox&#8221; checkbox_options=&#8221;%91{%22value%22:%22\u00a1S\u00ed por favor!%22,%22checked%22:0,%22dragID%22:-1}%93&#8243; field_id=&#8221;muestra&#8221; field_title=&#8221;\u00bfTe gustar\u00eda que te llevemos una muestra gratis a tu restaurante?&#8221; hover_enabled=&#8221;0&#8243; sticky_enabled=&#8221;0&#8243;][\/et_pb_contact_field][et_pb_contact_field field_id=&#8221;First_Name&#8221; field_title=&#8221;Apellido&#8221; _builder_version=&#8221;4.24.0&#8243; hover_enabled=&#8221;0&#8243; global_colors_info=&#8221;{}&#8221; button_text_size__hover_enabled=&#8221;off&#8221; button_one_text_size__hover_enabled=&#8221;off&#8221; button_two_text_size__hover_enabled=&#8221;off&#8221; button_text_color__hover_enabled=&#8221;off&#8221; button_one_text_color__hover_enabled=&#8221;off&#8221; button_two_text_color__hover_enabled=&#8221;off&#8221; button_border_width__hover_enabled=&#8221;off&#8221; button_one_border_width__hover_enabled=&#8221;off&#8221; button_two_border_width__hover_enabled=&#8221;off&#8221; button_border_color__hover_enabled=&#8221;off&#8221; button_one_border_color__hover_enabled=&#8221;off&#8221; button_two_border_color__hover_enabled=&#8221;off&#8221; button_border_radius__hover_enabled=&#8221;off&#8221; button_one_border_radius__hover_enabled=&#8221;off&#8221; button_two_border_radius__hover_enabled=&#8221;off&#8221; button_letter_spacing__hover_enabled=&#8221;off&#8221; button_one_letter_spacing__hover_enabled=&#8221;off&#8221; button_two_letter_spacing__hover_enabled=&#8221;off&#8221; button_bg_color__hover_enabled=&#8221;off&#8221; button_one_bg_color__hover_enabled=&#8221;off&#8221; button_two_bg_color__hover_enabled=&#8221;off&#8221; sticky_enabled=&#8221;0&#8243;][\/et_pb_contact_field][et_pb_contact_field field_id=&#8221;Name&#8221; field_title=&#8221;Nombre&#8221; _builder_version=&#8221;4.24.0&#8243; hover_enabled=&#8221;0&#8243; global_colors_info=&#8221;{}&#8221; button_text_size__hover_enabled=&#8221;off&#8221; button_one_text_size__hover_enabled=&#8221;off&#8221; button_two_text_size__hover_enabled=&#8221;off&#8221; button_text_color__hover_enabled=&#8221;off&#8221; button_one_text_color__hover_enabled=&#8221;off&#8221; button_two_text_color__hover_enabled=&#8221;off&#8221; button_border_width__hover_enabled=&#8221;off&#8221; button_one_border_width__hover_enabled=&#8221;off&#8221; button_two_border_width__hover_enabled=&#8221;off&#8221; button_border_color__hover_enabled=&#8221;off&#8221; button_one_border_color__hover_enabled=&#8221;off&#8221; button_two_border_color__hover_enabled=&#8221;off&#8221; button_border_radius__hover_enabled=&#8221;off&#8221; button_one_border_radius__hover_enabled=&#8221;off&#8221; button_two_border_radius__hover_enabled=&#8221;off&#8221; button_letter_spacing__hover_enabled=&#8221;off&#8221; button_one_letter_spacing__hover_enabled=&#8221;off&#8221; button_two_letter_spacing__hover_enabled=&#8221;off&#8221; button_bg_color__hover_enabled=&#8221;off&#8221; button_one_bg_color__hover_enabled=&#8221;off&#8221; button_two_bg_color__hover_enabled=&#8221;off&#8221; sticky_enabled=&#8221;0&#8243;][\/et_pb_contact_field][et_pb_contact_field field_id=&#8221;Email&#8221; field_title=&#8221;Tu Email&#8221; field_type=&#8221;email&#8221; _builder_version=&#8221;4.24.0&#8243; hover_enabled=&#8221;0&#8243; global_colors_info=&#8221;{}&#8221; button_text_size__hover_enabled=&#8221;off&#8221; button_one_text_size__hover_enabled=&#8221;off&#8221; button_two_text_size__hover_enabled=&#8221;off&#8221; button_text_color__hover_enabled=&#8221;off&#8221; button_one_text_color__hover_enabled=&#8221;off&#8221; button_two_text_color__hover_enabled=&#8221;off&#8221; button_border_width__hover_enabled=&#8221;off&#8221; button_one_border_width__hover_enabled=&#8221;off&#8221; button_two_border_width__hover_enabled=&#8221;off&#8221; button_border_color__hover_enabled=&#8221;off&#8221; button_one_border_color__hover_enabled=&#8221;off&#8221; button_two_border_color__hover_enabled=&#8221;off&#8221; button_border_radius__hover_enabled=&#8221;off&#8221; button_one_border_radius__hover_enabled=&#8221;off&#8221; button_two_border_radius__hover_enabled=&#8221;off&#8221; button_letter_spacing__hover_enabled=&#8221;off&#8221; button_one_letter_spacing__hover_enabled=&#8221;off&#8221; button_two_letter_spacing__hover_enabled=&#8221;off&#8221; button_bg_color__hover_enabled=&#8221;off&#8221; button_one_bg_color__hover_enabled=&#8221;off&#8221; button_two_bg_color__hover_enabled=&#8221;off&#8221; sticky_enabled=&#8221;0&#8243;][\/et_pb_contact_field][et_pb_contact_field field_id=&#8221;Phone_Number&#8221; field_title=&#8221;Tu tel\u00e9fono&#8221; _builder_version=&#8221;4.24.0&#8243; _module_preset=&#8221;default&#8221; hover_enabled=&#8221;0&#8243; global_colors_info=&#8221;{}&#8221; sticky_enabled=&#8221;0&#8243;][\/et_pb_contact_field][et_pb_contact_field field_id=&#8221;Message&#8221; field_title=&#8221;Mensaje&#8221; field_type=&#8221;text&#8221; fullwidth_field=&#8221;on&#8221; _builder_version=&#8221;4.24.0&#8243; hover_enabled=&#8221;0&#8243; global_colors_info=&#8221;{}&#8221; button_text_size__hover_enabled=&#8221;off&#8221; button_one_text_size__hover_enabled=&#8221;off&#8221; button_two_text_size__hover_enabled=&#8221;off&#8221; button_text_color__hover_enabled=&#8221;off&#8221; button_one_text_color__hover_enabled=&#8221;off&#8221; button_two_text_color__hover_enabled=&#8221;off&#8221; button_border_width__hover_enabled=&#8221;off&#8221; button_one_border_width__hover_enabled=&#8221;off&#8221; button_two_border_width__hover_enabled=&#8221;off&#8221; button_border_color__hover_enabled=&#8221;off&#8221; button_one_border_color__hover_enabled=&#8221;off&#8221; button_two_border_color__hover_enabled=&#8221;off&#8221; button_border_radius__hover_enabled=&#8221;off&#8221; button_one_border_radius__hover_enabled=&#8221;off&#8221; button_two_border_radius__hover_enabled=&#8221;off&#8221; button_letter_spacing__hover_enabled=&#8221;off&#8221; button_one_letter_spacing__hover_enabled=&#8221;off&#8221; button_two_letter_spacing__hover_enabled=&#8221;off&#8221; button_bg_color__hover_enabled=&#8221;off&#8221; button_one_bg_color__hover_enabled=&#8221;off&#8221; button_two_bg_color__hover_enabled=&#8221;off&#8221; sticky_enabled=&#8221;0&#8243;][\/et_pb_contact_field][\/et_pb_contact_form][\/et_pb_column][\/et_pb_row][et_pb_row _builder_version=&#8221;4.16&#8243; _module_preset=&#8221;default&#8221; global_colors_info=&#8221;{}&#8221;][et_pb_column type=&#8221;4_4&#8243; _builder_version=&#8221;4.16&#8243; _module_preset=&#8221;default&#8221; global_colors_info=&#8221;{}&#8221;][et_pb_cta title=&#8221;\u00bfHas mirado si ya hemos contestado a alguna de tus preguntas ?&#8221; button_url=&#8221;https:\/\/somgreens.com\/tus-preguntas-microgreens\/&#8221; button_text=&#8221;Echa un vistazo a las FAQ&#8221; _builder_version=&#8221;4.24.0&#8243; _module_preset=&#8221;default&#8221; header_text_color=&#8221;#000000&#8243; background_color=&#8221;rgba(197,240,164,0.46)&#8221; global_colors_info=&#8221;{}&#8221;][\/et_pb_cta][\/et_pb_column][\/et_pb_row][\/et_pb_section]<\/p>","protected":false},"excerpt":{"rendered":"<p>Contacta con nosotros \u00bfEres un profesional? \u00a1Pidenos una muestra gratis llenando el formulario!Carrer Tinent Segui. 1103580 L&#8217;Alfas del Pi Alicante644088944holasomgreens.com<\/p>","protected":false},"author":1,"featured_media":0,"parent":0,"menu_order":0,"comment_status":"closed","ping_status":"closed","template":"","meta":{"_et_pb_use_builder":"on","_et_pb_old_content":"<!-- wp:divi\/placeholder \/-->","_et_gb_content_width":"","footnotes":""},"class_list":["post-90075","page","type-page","status-publish","hentry"],"yoast_head":"<!-- This site is optimized with the Yoast SEO Premium plugin v23.9 (Yoast SEO v23.9) - https:\/\/yoast.com\/wordpress\/plugins\/seo\/ -->\n<title>Un pedido de Microbrotes ? | Contacta Som Greens<\/title>\n<meta name=\"description\" content=\"Contacta con Som Greens: WhatsApp, email y tel\u00e9fono para pedidos de microbrotes y atenci\u00f3n al cliente.\" \/>\n<meta name=\"robots\" content=\"index, follow, max-snippet:-1, max-image-preview:large, max-video-preview:-1\" \/>\n<link rel=\"canonical\" href=\"https:\/\/somgreens.com\/en\/contacto\/\" \/>\n<meta property=\"og:locale\" content=\"en_GB\" \/>\n<meta property=\"og:type\" content=\"article\" \/>\n<meta property=\"og:title\" content=\"Contacta con nosotros\" \/>\n<meta property=\"og:description\" content=\"Contacta con Som Greens: WhatsApp, email y tel\u00e9fono para pedidos de microbrotes y atenci\u00f3n al cliente.\" \/>\n<meta property=\"og:url\" content=\"https:\/\/somgreens.com\/en\/contacto\/\" \/>\n<meta property=\"og:site_name\" content=\"Microbrotes vivos -24h | Som Greens\" \/>\n<meta property=\"article:publisher\" content=\"https:\/\/www.facebook.com\/somgreens.microgreens\/\" \/>\n<meta property=\"article:modified_time\" content=\"2024-02-21T10:10:15+00:00\" \/>\n<meta property=\"og:image\" content=\"https:\/\/somgreens.com\/wp-content\/uploads\/2024\/12\/Gardening_frames-6-1.jpg\" \/>\n\t<meta property=\"og:image:width\" content=\"1000\" \/>\n\t<meta property=\"og:image:height\" content=\"1000\" \/>\n\t<meta property=\"og:image:type\" content=\"image\/jpeg\" \/>\n<meta name=\"twitter:card\" content=\"summary_large_image\" \/>\n<meta name=\"twitter:label1\" content=\"Estimated reading time\" \/>\n\t<meta name=\"twitter:data1\" content=\"9 minutes\" \/>\n<script type=\"application\/ld+json\" class=\"yoast-schema-graph\">{\"@context\":\"https:\/\/schema.org\",\"@graph\":[{\"@type\":\"WebPage\",\"@id\":\"https:\/\/somgreens.com\/contacto\/\",\"url\":\"https:\/\/somgreens.com\/contacto\/\",\"name\":\"Un pedido de Microbrotes ? | Contacta Som Greens\",\"isPartOf\":{\"@id\":\"https:\/\/somgreens.com\/#website\"},\"datePublished\":\"2021-03-24T12:31:12+00:00\",\"dateModified\":\"2024-02-21T10:10:15+00:00\",\"description\":\"Contacta con Som Greens: WhatsApp, email y tel\u00e9fono para pedidos de microbrotes y atenci\u00f3n al cliente.\",\"breadcrumb\":{\"@id\":\"https:\/\/somgreens.com\/contacto\/#breadcrumb\"},\"inLanguage\":\"en-GB\",\"potentialAction\":[{\"@type\":\"ReadAction\",\"target\":[\"https:\/\/somgreens.com\/contacto\/\"]}]},{\"@type\":\"BreadcrumbList\",\"@id\":\"https:\/\/somgreens.com\/contacto\/#breadcrumb\",\"itemListElement\":[{\"@type\":\"ListItem\",\"position\":1,\"name\":\"Home\",\"item\":\"https:\/\/somgreens.com\/\"},{\"@type\":\"ListItem\",\"position\":2,\"name\":\"Contacta con nosotros\"}]},{\"@type\":\"WebSite\",\"@id\":\"https:\/\/somgreens.com\/#website\",\"url\":\"https:\/\/somgreens.com\/\",\"name\":\"Microbrotes vivos -24h | Som Greens\",\"description\":\"Microbrotes y brotes vivos frescos entregados en 24h en toda Espa\u00f1a. M\u00e1xima calidad y nutrici\u00f3n para particulares y restaurantes. Env\u00edo gratis, ver condiciones.\",\"publisher\":{\"@id\":\"https:\/\/somgreens.com\/#organization\"},\"alternateName\":\"Microbrotes | Som Greens\",\"potentialAction\":[{\"@type\":\"SearchAction\",\"target\":{\"@type\":\"EntryPoint\",\"urlTemplate\":\"https:\/\/somgreens.com\/?s={search_term_string}\"},\"query-input\":{\"@type\":\"PropertyValueSpecification\",\"valueRequired\":true,\"valueName\":\"search_term_string\"}}],\"inLanguage\":\"en-GB\"},{\"@type\":\"Organization\",\"@id\":\"https:\/\/somgreens.com\/#organization\",\"name\":\"Som Greens\",\"url\":\"https:\/\/somgreens.com\/\",\"logo\":{\"@type\":\"ImageObject\",\"inLanguage\":\"en-GB\",\"@id\":\"https:\/\/somgreens.com\/#\/schema\/logo\/image\/\",\"url\":\"https:\/\/somgreens.com\/wp-content\/uploads\/2023\/12\/Color-logo-no-background-3.png\",\"contentUrl\":\"https:\/\/somgreens.com\/wp-content\/uploads\/2023\/12\/Color-logo-no-background-3.png\",\"width\":1920,\"height\":1920,\"caption\":\"Som Greens\"},\"image\":{\"@id\":\"https:\/\/somgreens.com\/#\/schema\/logo\/image\/\"},\"sameAs\":[\"https:\/\/www.facebook.com\/somgreens.microgreens\/\",\"https:\/\/www.instagram.com\/som.greens\/\"],\"description\":\"En Som Greens cultivamos microbrotes para restaurantes y particulares.\",\"email\":\"hola@somgreens.com\",\"telephone\":\"+34 644088944\",\"legalName\":\"Som Greens\",\"vatID\":\"ESZ0065809B\",\"taxID\":\"Z0065809B\",\"numberOfEmployees\":{\"@type\":\"QuantitativeValue\",\"minValue\":\"1\",\"maxValue\":\"10\"}}]}<\/script>\n<!-- \/ Yoast SEO Premium plugin. -->","yoast_head_json":{"title":"Un pedido de Microbrotes ? | Contacta Som Greens","description":"Contacta con Som Greens: WhatsApp, email y tel\u00e9fono para pedidos de microbrotes y atenci\u00f3n al cliente.","robots":{"index":"index","follow":"follow","max-snippet":"max-snippet:-1","max-image-preview":"max-image-preview:large","max-video-preview":"max-video-preview:-1"},"canonical":"https:\/\/somgreens.com\/en\/contacto\/","og_locale":"en_GB","og_type":"article","og_title":"Contacta con nosotros","og_description":"Contacta con Som Greens: WhatsApp, email y tel\u00e9fono para pedidos de microbrotes y atenci\u00f3n al cliente.","og_url":"https:\/\/somgreens.com\/en\/contacto\/","og_site_name":"Microbrotes vivos -24h | Som Greens","article_publisher":"https:\/\/www.facebook.com\/somgreens.microgreens\/","article_modified_time":"2024-02-21T10:10:15+00:00","og_image":[{"width":1000,"height":1000,"url":"https:\/\/somgreens.com\/wp-content\/uploads\/2024\/12\/Gardening_frames-6-1.jpg","type":"image\/jpeg"}],"twitter_card":"summary_large_image","twitter_misc":{"Estimated reading time":"9 minutes"},"schema":{"@context":"https:\/\/schema.org","@graph":[{"@type":"WebPage","@id":"https:\/\/somgreens.com\/contacto\/","url":"https:\/\/somgreens.com\/contacto\/","name":"Un pedido de Microbrotes ? | Contacta Som Greens","isPartOf":{"@id":"https:\/\/somgreens.com\/#website"},"datePublished":"2021-03-24T12:31:12+00:00","dateModified":"2024-02-21T10:10:15+00:00","description":"Contacta con Som Greens: WhatsApp, email y tel\u00e9fono para pedidos de microbrotes y atenci\u00f3n al cliente.","breadcrumb":{"@id":"https:\/\/somgreens.com\/contacto\/#breadcrumb"},"inLanguage":"en-GB","potentialAction":[{"@type":"ReadAction","target":["https:\/\/somgreens.com\/contacto\/"]}]},{"@type":"BreadcrumbList","@id":"https:\/\/somgreens.com\/contacto\/#breadcrumb","itemListElement":[{"@type":"ListItem","position":1,"name":"Home","item":"https:\/\/somgreens.com\/"},{"@type":"ListItem","position":2,"name":"Contacta con nosotros"}]},{"@type":"WebSite","@id":"https:\/\/somgreens.com\/#website","url":"https:\/\/somgreens.com\/","name":"Microbrotes vivos -24h | Som Greens","description":"Microbrotes y brotes vivos frescos entregados en 24h en toda Espa\u00f1a. M\u00e1xima calidad y nutrici\u00f3n para particulares y restaurantes. Env\u00edo gratis, ver condiciones.","publisher":{"@id":"https:\/\/somgreens.com\/#organization"},"alternateName":"Microbrotes | Som Greens","potentialAction":[{"@type":"SearchAction","target":{"@type":"EntryPoint","urlTemplate":"https:\/\/somgreens.com\/?s={search_term_string}"},"query-input":{"@type":"PropertyValueSpecification","valueRequired":true,"valueName":"search_term_string"}}],"inLanguage":"en-GB"},{"@type":"Organization","@id":"https:\/\/somgreens.com\/#organization","name":"Som Greens","url":"https:\/\/somgreens.com\/","logo":{"@type":"ImageObject","inLanguage":"en-GB","@id":"https:\/\/somgreens.com\/#\/schema\/logo\/image\/","url":"https:\/\/somgreens.com\/wp-content\/uploads\/2023\/12\/Color-logo-no-background-3.png","contentUrl":"https:\/\/somgreens.com\/wp-content\/uploads\/2023\/12\/Color-logo-no-background-3.png","width":1920,"height":1920,"caption":"Som Greens"},"image":{"@id":"https:\/\/somgreens.com\/#\/schema\/logo\/image\/"},"sameAs":["https:\/\/www.facebook.com\/somgreens.microgreens\/","https:\/\/www.instagram.com\/som.greens\/"],"description":"En Som Greens cultivamos microbrotes para restaurantes y particulares.","email":"hola@somgreens.com","telephone":"+34 644088944","legalName":"Som Greens","vatID":"ESZ0065809B","taxID":"Z0065809B","numberOfEmployees":{"@type":"QuantitativeValue","minValue":"1","maxValue":"10"}}]}},"_links":{"self":[{"href":"https:\/\/somgreens.com\/en\/wp-json\/wp\/v2\/pages\/90075","targetHints":{"allow":["GET"]}}],"collection":[{"href":"https:\/\/somgreens.com\/en\/wp-json\/wp\/v2\/pages"}],"about":[{"href":"https:\/\/somgreens.com\/en\/wp-json\/wp\/v2\/types\/page"}],"author":[{"embeddable":true,"href":"https:\/\/somgreens.com\/en\/wp-json\/wp\/v2\/users\/1"}],"replies":[{"embeddable":true,"href":"https:\/\/somgreens.com\/en\/wp-json\/wp\/v2\/comments?post=90075"}],"version-history":[{"count":0,"href":"https:\/\/somgreens.com\/en\/wp-json\/wp\/v2\/pages\/90075\/revisions"}],"wp:attachment":[{"href":"https:\/\/somgreens.com\/en\/wp-json\/wp\/v2\/media?parent=90075"}],"curies":[{"name":"wp","href":"https:\/\/api.w.org\/{rel}","templated":true}]}}