{"id":96126,"date":"2021-03-24T12:12:09","date_gmt":"2021-03-24T12:12:09","guid":{"rendered":"http:\/\/twopixels-test-server.nl\/divicommerce\/?page_id=9175"},"modified":"2025-01-04T22:09:05","modified_gmt":"2025-01-04T21:09:05","slug":"todo-sobre-los-microbrotes","status":"publish","type":"page","link":"https:\/\/somgreens.com\/en\/todo-sobre-los-microbrotes\/","title":{"rendered":"Todo Sobre Los Microbrotes"},"content":{"rendered":"<p>[et_pb_section fb_built=&#8221;1&#8243; _builder_version=&#8221;4.16&#8243; _module_preset=&#8221;default&#8221; background_color=&#8221;#fcfdff&#8221; custom_padding=&#8221;25px||||false|false&#8221; global_colors_info=&#8221;{}&#8221;][et_pb_row _builder_version=&#8221;4.16&#8243; _module_preset=&#8221;default&#8221; custom_padding=&#8221;50px||55px||false|false&#8221; global_colors_info=&#8221;{}&#8221;][et_pb_column type=&#8221;4_4&#8243; _builder_version=&#8221;4.16&#8243; _module_preset=&#8221;default&#8221; global_colors_info=&#8221;{}&#8221;][et_pb_text _builder_version=&#8221;4.27.4&#8243; _module_preset=&#8221;default&#8221; header_text_align=&#8221;center&#8221; header_font_size=&#8221;40px&#8221; header_2_text_align=&#8221;center&#8221; custom_margin=&#8221;||25px||false|false&#8221; header_font_size_tablet=&#8221;&#8221; header_font_size_phone=&#8221;&#8221; header_font_size_last_edited=&#8221;on|phone&#8221; global_colors_info=&#8221;{}&#8221;]<\/p>\n<h1>Todo sobres los microbrotes<\/h1>\n<p>[\/et_pb_text][et_pb_divider _builder_version=&#8221;4.16&#8243; _module_preset=&#8221;default&#8221; width=&#8221;100px&#8221; module_alignment=&#8221;center&#8221; custom_margin=&#8221;||0px||false|false&#8221; global_colors_info=&#8221;{}&#8221;][\/et_pb_divider][\/et_pb_column][\/et_pb_row][et_pb_row _builder_version=&#8221;4.16&#8243; _module_preset=&#8221;default&#8221; global_colors_info=&#8221;{}&#8221;][et_pb_column type=&#8221;4_4&#8243; _builder_version=&#8221;4.16&#8243; _module_preset=&#8221;default&#8221; hover_enabled=&#8221;0&#8243; global_colors_info=&#8221;{}&#8221; sticky_enabled=&#8221;0&#8243;][et_pb_blog fullwidth=&#8221;off&#8221; posts_number=&#8221;12&#8243; include_categories=&#8221;current&#8221; use_manual_excerpt=&#8221;off&#8221; excerpt_length=&#8221;100&#8243; show_author=&#8221;off&#8221; _builder_version=&#8221;4.27.4&#8243; _module_preset=&#8221;default&#8221; header_line_height=&#8221;1.1em&#8221; hover_enabled=&#8221;0&#8243; custom_css_content=&#8221;padding-top:6px !important;&#8221; custom_css_post_meta=&#8221;border-bottom: 1px solid #cecece;||padding-bottom:14px !important;&#8221; border_radii=&#8221;on|7px|7px|7px|7px&#8221; border_width_all=&#8221;0px&#8221; border_color_all=&#8221;#cecece&#8221; box_shadow_style=&#8221;preset1&#8243; box_shadow_vertical=&#8221;0px&#8221; box_shadow_blur=&#8221;30px&#8221; box_shadow_color=&#8221;rgba(0,0,0,0.15)&#8221; global_colors_info=&#8221;{}&#8221; sticky_enabled=&#8221;0&#8243;][\/et_pb_blog][\/et_pb_column][\/et_pb_row][\/et_pb_section]<\/p>","protected":false},"excerpt":{"rendered":"<p>Todo sobres los microbrotes<\/p>","protected":false},"author":1,"featured_media":0,"parent":0,"menu_order":0,"comment_status":"closed","ping_status":"closed","template":"","meta":{"_et_pb_use_builder":"on","_et_pb_old_content":"<!-- wp:divi\/placeholder \/-->","_et_gb_content_width":"","footnotes":""},"class_list":["post-96126","page","type-page","status-publish","hentry"],"yoast_head":"<!-- This site is optimized with the Yoast SEO Premium plugin v23.9 (Yoast SEO v23.9) - https:\/\/yoast.com\/wordpress\/plugins\/seo\/ -->\n<title>Todo sobre los microbrotes y sus beneficios | Som Greens<\/title>\n<meta name=\"description\" content=\"Descubre todo sobre microbrotes en el blog de Som Greens: consejos de cultivo, beneficios nutricionales, recetas saludables y gu\u00edas de uso. Aprende con expertos.\" \/>\n<meta name=\"robots\" content=\"index, follow, max-snippet:-1, max-image-preview:large, max-video-preview:-1\" \/>\n<link rel=\"canonical\" href=\"https:\/\/somgreens.com\/en\/todo-sobre-los-microbrotes\/\" \/>\n<meta property=\"og:locale\" content=\"en_GB\" \/>\n<meta property=\"og:type\" content=\"article\" \/>\n<meta property=\"og:title\" content=\"Todo Sobre Los Microbrotes\" \/>\n<meta property=\"og:description\" content=\"Descubre todo sobre microbrotes en el blog de Som Greens: consejos de cultivo, beneficios nutricionales, recetas saludables y gu\u00edas de uso. Aprende con expertos.\" \/>\n<meta property=\"og:url\" content=\"https:\/\/somgreens.com\/en\/todo-sobre-los-microbrotes\/\" \/>\n<meta property=\"og:site_name\" content=\"Microbrotes vivos -24h | Som Greens\" \/>\n<meta property=\"article:publisher\" content=\"https:\/\/www.facebook.com\/somgreens.microgreens\/\" \/>\n<meta property=\"article:modified_time\" content=\"2025-01-04T21:09:05+00:00\" \/>\n<meta property=\"og:image\" content=\"https:\/\/somgreens.com\/wp-content\/uploads\/2024\/12\/Gardening_frames-6-1.jpg\" \/>\n\t<meta property=\"og:image:width\" content=\"1000\" \/>\n\t<meta property=\"og:image:height\" content=\"1000\" \/>\n\t<meta property=\"og:image:type\" content=\"image\/jpeg\" \/>\n<meta name=\"twitter:card\" content=\"summary_large_image\" \/>\n<meta name=\"twitter:label1\" content=\"Estimated reading time\" \/>\n\t<meta name=\"twitter:data1\" content=\"1 minute\" \/>\n<script type=\"application\/ld+json\" class=\"yoast-schema-graph\">{\"@context\":\"https:\/\/schema.org\",\"@graph\":[{\"@type\":\"WebPage\",\"@id\":\"https:\/\/somgreens.com\/todo-sobre-los-microbrotes\/\",\"url\":\"https:\/\/somgreens.com\/todo-sobre-los-microbrotes\/\",\"name\":\"Todo sobre los microbrotes y sus beneficios | Som Greens\",\"isPartOf\":{\"@id\":\"https:\/\/somgreens.com\/#website\"},\"datePublished\":\"2021-03-24T12:12:09+00:00\",\"dateModified\":\"2025-01-04T21:09:05+00:00\",\"description\":\"Descubre todo sobre microbrotes en el blog de Som Greens: consejos de cultivo, beneficios nutricionales, recetas saludables y gu\u00edas de uso. Aprende con expertos.\",\"breadcrumb\":{\"@id\":\"https:\/\/somgreens.com\/todo-sobre-los-microbrotes\/#breadcrumb\"},\"inLanguage\":\"en-GB\",\"potentialAction\":[{\"@type\":\"ReadAction\",\"target\":[\"https:\/\/somgreens.com\/todo-sobre-los-microbrotes\/\"]}]},{\"@type\":\"BreadcrumbList\",\"@id\":\"https:\/\/somgreens.com\/todo-sobre-los-microbrotes\/#breadcrumb\",\"itemListElement\":[{\"@type\":\"ListItem\",\"position\":1,\"name\":\"Home\",\"item\":\"https:\/\/somgreens.com\/\"},{\"@type\":\"ListItem\",\"position\":2,\"name\":\"Todo Sobre Los Microbrotes\"}]},{\"@type\":\"WebSite\",\"@id\":\"https:\/\/somgreens.com\/#website\",\"url\":\"https:\/\/somgreens.com\/\",\"name\":\"Microbrotes vivos -24h | Som Greens\",\"description\":\"Microbrotes y brotes vivos frescos entregados en 24h en toda Espa\u00f1a. M\u00e1xima calidad y nutrici\u00f3n para particulares y restaurantes. Env\u00edo gratis, ver condiciones.\",\"publisher\":{\"@id\":\"https:\/\/somgreens.com\/#organization\"},\"alternateName\":\"Microbrotes | Som Greens\",\"potentialAction\":[{\"@type\":\"SearchAction\",\"target\":{\"@type\":\"EntryPoint\",\"urlTemplate\":\"https:\/\/somgreens.com\/?s={search_term_string}\"},\"query-input\":{\"@type\":\"PropertyValueSpecification\",\"valueRequired\":true,\"valueName\":\"search_term_string\"}}],\"inLanguage\":\"en-GB\"},{\"@type\":\"Organization\",\"@id\":\"https:\/\/somgreens.com\/#organization\",\"name\":\"Som Greens\",\"url\":\"https:\/\/somgreens.com\/\",\"logo\":{\"@type\":\"ImageObject\",\"inLanguage\":\"en-GB\",\"@id\":\"https:\/\/somgreens.com\/#\/schema\/logo\/image\/\",\"url\":\"https:\/\/somgreens.com\/wp-content\/uploads\/2023\/12\/Color-logo-no-background-3.png\",\"contentUrl\":\"https:\/\/somgreens.com\/wp-content\/uploads\/2023\/12\/Color-logo-no-background-3.png\",\"width\":1920,\"height\":1920,\"caption\":\"Som Greens\"},\"image\":{\"@id\":\"https:\/\/somgreens.com\/#\/schema\/logo\/image\/\"},\"sameAs\":[\"https:\/\/www.facebook.com\/somgreens.microgreens\/\",\"https:\/\/www.instagram.com\/som.greens\/\"],\"description\":\"En Som Greens cultivamos microbrotes para restaurantes y particulares.\",\"email\":\"hola@somgreens.com\",\"telephone\":\"+34 644088944\",\"legalName\":\"Som Greens\",\"vatID\":\"ESZ0065809B\",\"taxID\":\"Z0065809B\",\"numberOfEmployees\":{\"@type\":\"QuantitativeValue\",\"minValue\":\"1\",\"maxValue\":\"10\"}}]}<\/script>\n<!-- \/ Yoast SEO Premium plugin. -->","yoast_head_json":{"title":"Todo sobre los microbrotes y sus beneficios | Som Greens","description":"Descubre todo sobre microbrotes en el blog de Som Greens: consejos de cultivo, beneficios nutricionales, recetas saludables y gu\u00edas de uso. Aprende con expertos.","robots":{"index":"index","follow":"follow","max-snippet":"max-snippet:-1","max-image-preview":"max-image-preview:large","max-video-preview":"max-video-preview:-1"},"canonical":"https:\/\/somgreens.com\/en\/todo-sobre-los-microbrotes\/","og_locale":"en_GB","og_type":"article","og_title":"Todo Sobre Los Microbrotes","og_description":"Descubre todo sobre microbrotes en el blog de Som Greens: consejos de cultivo, beneficios nutricionales, recetas saludables y gu\u00edas de uso. Aprende con expertos.","og_url":"https:\/\/somgreens.com\/en\/todo-sobre-los-microbrotes\/","og_site_name":"Microbrotes vivos -24h | Som Greens","article_publisher":"https:\/\/www.facebook.com\/somgreens.microgreens\/","article_modified_time":"2025-01-04T21:09:05+00:00","og_image":[{"width":1000,"height":1000,"url":"https:\/\/somgreens.com\/wp-content\/uploads\/2024\/12\/Gardening_frames-6-1.jpg","type":"image\/jpeg"}],"twitter_card":"summary_large_image","twitter_misc":{"Estimated reading time":"1 minute"},"schema":{"@context":"https:\/\/schema.org","@graph":[{"@type":"WebPage","@id":"https:\/\/somgreens.com\/todo-sobre-los-microbrotes\/","url":"https:\/\/somgreens.com\/todo-sobre-los-microbrotes\/","name":"Todo sobre los microbrotes y sus beneficios | Som Greens","isPartOf":{"@id":"https:\/\/somgreens.com\/#website"},"datePublished":"2021-03-24T12:12:09+00:00","dateModified":"2025-01-04T21:09:05+00:00","description":"Descubre todo sobre microbrotes en el blog de Som Greens: consejos de cultivo, beneficios nutricionales, recetas saludables y gu\u00edas de uso. Aprende con expertos.","breadcrumb":{"@id":"https:\/\/somgreens.com\/todo-sobre-los-microbrotes\/#breadcrumb"},"inLanguage":"en-GB","potentialAction":[{"@type":"ReadAction","target":["https:\/\/somgreens.com\/todo-sobre-los-microbrotes\/"]}]},{"@type":"BreadcrumbList","@id":"https:\/\/somgreens.com\/todo-sobre-los-microbrotes\/#breadcrumb","itemListElement":[{"@type":"ListItem","position":1,"name":"Home","item":"https:\/\/somgreens.com\/"},{"@type":"ListItem","position":2,"name":"Todo Sobre Los Microbrotes"}]},{"@type":"WebSite","@id":"https:\/\/somgreens.com\/#website","url":"https:\/\/somgreens.com\/","name":"Microbrotes vivos -24h | Som Greens","description":"Microbrotes y brotes vivos frescos entregados en 24h en toda Espa\u00f1a. M\u00e1xima calidad y nutrici\u00f3n para particulares y restaurantes. Env\u00edo gratis, ver condiciones.","publisher":{"@id":"https:\/\/somgreens.com\/#organization"},"alternateName":"Microbrotes | Som Greens","potentialAction":[{"@type":"SearchAction","target":{"@type":"EntryPoint","urlTemplate":"https:\/\/somgreens.com\/?s={search_term_string}"},"query-input":{"@type":"PropertyValueSpecification","valueRequired":true,"valueName":"search_term_string"}}],"inLanguage":"en-GB"},{"@type":"Organization","@id":"https:\/\/somgreens.com\/#organization","name":"Som Greens","url":"https:\/\/somgreens.com\/","logo":{"@type":"ImageObject","inLanguage":"en-GB","@id":"https:\/\/somgreens.com\/#\/schema\/logo\/image\/","url":"https:\/\/somgreens.com\/wp-content\/uploads\/2023\/12\/Color-logo-no-background-3.png","contentUrl":"https:\/\/somgreens.com\/wp-content\/uploads\/2023\/12\/Color-logo-no-background-3.png","width":1920,"height":1920,"caption":"Som Greens"},"image":{"@id":"https:\/\/somgreens.com\/#\/schema\/logo\/image\/"},"sameAs":["https:\/\/www.facebook.com\/somgreens.microgreens\/","https:\/\/www.instagram.com\/som.greens\/"],"description":"En Som Greens cultivamos microbrotes para restaurantes y particulares.","email":"hola@somgreens.com","telephone":"+34 644088944","legalName":"Som Greens","vatID":"ESZ0065809B","taxID":"Z0065809B","numberOfEmployees":{"@type":"QuantitativeValue","minValue":"1","maxValue":"10"}}]}},"_links":{"self":[{"href":"https:\/\/somgreens.com\/en\/wp-json\/wp\/v2\/pages\/96126","targetHints":{"allow":["GET"]}}],"collection":[{"href":"https:\/\/somgreens.com\/en\/wp-json\/wp\/v2\/pages"}],"about":[{"href":"https:\/\/somgreens.com\/en\/wp-json\/wp\/v2\/types\/page"}],"author":[{"embeddable":true,"href":"https:\/\/somgreens.com\/en\/wp-json\/wp\/v2\/users\/1"}],"replies":[{"embeddable":true,"href":"https:\/\/somgreens.com\/en\/wp-json\/wp\/v2\/comments?post=96126"}],"version-history":[{"count":4,"href":"https:\/\/somgreens.com\/en\/wp-json\/wp\/v2\/pages\/96126\/revisions"}],"predecessor-version":[{"id":102509,"href":"https:\/\/somgreens.com\/en\/wp-json\/wp\/v2\/pages\/96126\/revisions\/102509"}],"wp:attachment":[{"href":"https:\/\/somgreens.com\/en\/wp-json\/wp\/v2\/media?parent=96126"}],"curies":[{"name":"wp","href":"https:\/\/api.w.org\/{rel}","templated":true}]}}